{"id":2441,"date":"2020-11-16T09:44:21","date_gmt":"2020-11-16T08:44:21","guid":{"rendered":"https:\/\/orbit-zavlahy.sk\/eshop\/?post_type=product&#038;p=2441"},"modified":"2021-01-20T15:24:25","modified_gmt":"2021-01-20T14:24:25","slug":"3-4-mosadzny-uderovy-rozstrekovac-na-kruhovom-zaklade","status":"publish","type":"product","link":"https:\/\/orbit-zavlahy.sk\/obchod\/product\/3-4-mosadzny-uderovy-rozstrekovac-na-kruhovom-zaklade\/","title":{"rendered":"3\/4\u201d MOSADZN\u00dd \u00daDEROV\u00dd ROZSTREKOVA\u010c NA KRUHOVOM Z\u00c1KLADE"},"content":{"rendered":"","protected":false},"excerpt":{"rendered":"<p>\u2022 Stabiln\u00e1 z\u00e1klad\u0148a proti prevrhnutiu z nerezu.<br \/>\n\u2022 Pokrytie plochy v polomere 2,5 &#8211; 4,2 m, r\u00e1dius na cel\u00fd alebo \u010diasto\u010dn\u00fd okruh.<\/p>\n","protected":false},"featured_media":2442,"template":"","meta":{"spay_email":""},"product_cat":[88,32],"product_tag":[],"_links":{"self":[{"href":"https:\/\/orbit-zavlahy.sk\/obchod\/wp-json\/wp\/v2\/product\/2441"}],"collection":[{"href":"https:\/\/orbit-zavlahy.sk\/obchod\/wp-json\/wp\/v2\/product"}],"about":[{"href":"https:\/\/orbit-zavlahy.sk\/obchod\/wp-json\/wp\/v2\/types\/product"}],"wp:featuredmedia":[{"embeddable":true,"href":"https:\/\/orbit-zavlahy.sk\/obchod\/wp-json\/wp\/v2\/media\/2442"}],"wp:attachment":[{"href":"https:\/\/orbit-zavlahy.sk\/obchod\/wp-json\/wp\/v2\/media?parent=2441"}],"wp:term":[{"taxonomy":"product_cat","embeddable":true,"href":"https:\/\/orbit-zavlahy.sk\/obchod\/wp-json\/wp\/v2\/product_cat?post=2441"},{"taxonomy":"product_tag","embeddable":true,"href":"https:\/\/orbit-zavlahy.sk\/obchod\/wp-json\/wp\/v2\/product_tag?post=2441"}],"curies":[{"name":"wp","href":"https:\/\/api.w.org\/{rel}","templated":true}]}}