{"id":2439,"date":"2020-11-16T09:42:06","date_gmt":"2020-11-16T08:42:06","guid":{"rendered":"https:\/\/orbit-zavlahy.sk\/eshop\/?post_type=product&#038;p=2439"},"modified":"2021-01-20T15:24:25","modified_gmt":"2021-01-20T14:24:25","slug":"h2o-6-prevedovy-drive-sprinkler-na-trojnozke","status":"publish","type":"product","link":"https:\/\/orbit-zavlahy.sk\/obchod\/product\/h2o-6-prevedovy-drive-sprinkler-na-trojnozke\/","title":{"rendered":"H2O &#8211; 6 PREVEDOV\u00dd DRIVE SPRINKLER na trojno\u017eke"},"content":{"rendered":"","protected":false},"excerpt":{"rendered":"<p>\u2022 6 mo\u017enost\u00ed postrekovania.<br \/>\n\u2022 Mo\u017enos\u0165 dostreku od 4,5 &#8211; 9m.<br \/>\n\u2022 V\u00fd\u0161kovo nastavite\u013en\u00fd stojan 0,6 &#8211; 1,5m.<br \/>\n\u2022 Nastavite\u013en\u00e1 v\u00fdse\u010d zavla\u017eovania 25\u00b0 do 360\u00b0.<\/p>\n","protected":false},"featured_media":2440,"template":"","meta":{"spay_email":""},"product_cat":[88,32],"product_tag":[],"_links":{"self":[{"href":"https:\/\/orbit-zavlahy.sk\/obchod\/wp-json\/wp\/v2\/product\/2439"}],"collection":[{"href":"https:\/\/orbit-zavlahy.sk\/obchod\/wp-json\/wp\/v2\/product"}],"about":[{"href":"https:\/\/orbit-zavlahy.sk\/obchod\/wp-json\/wp\/v2\/types\/product"}],"wp:featuredmedia":[{"embeddable":true,"href":"https:\/\/orbit-zavlahy.sk\/obchod\/wp-json\/wp\/v2\/media\/2440"}],"wp:attachment":[{"href":"https:\/\/orbit-zavlahy.sk\/obchod\/wp-json\/wp\/v2\/media?parent=2439"}],"wp:term":[{"taxonomy":"product_cat","embeddable":true,"href":"https:\/\/orbit-zavlahy.sk\/obchod\/wp-json\/wp\/v2\/product_cat?post=2439"},{"taxonomy":"product_tag","embeddable":true,"href":"https:\/\/orbit-zavlahy.sk\/obchod\/wp-json\/wp\/v2\/product_tag?post=2439"}],"curies":[{"name":"wp","href":"https:\/\/api.w.org\/{rel}","templated":true}]}}