{"id":2436,"date":"2020-11-16T09:38:47","date_gmt":"2020-11-16T08:38:47","guid":{"rendered":"https:\/\/orbit-zavlahy.sk\/eshop\/?post_type=product&#038;p=2436"},"modified":"2021-01-20T15:24:26","modified_gmt":"2021-01-20T14:24:26","slug":"h2o-6-prevodovy-drive-sprinkler","status":"publish","type":"product","link":"https:\/\/orbit-zavlahy.sk\/obchod\/product\/h2o-6-prevodovy-drive-sprinkler\/","title":{"rendered":"H2O &#8211; 6 PREVODOV\u00dd DRIVE SPRINKLER"},"content":{"rendered":"","protected":false},"excerpt":{"rendered":"<p>\u2022 6 mo\u017enost\u00ed postrekovania &#8211; tich\u00fd \u0161epot.<br \/>\n\u2022 Unik\u00e1tny dizajn &#8211; konkuren\u010dn\u00e1 v\u00fdhoda.<br \/>\n\u2022 Vysoko odoln\u00e1 kon\u0161trukcia.<br \/>\n\u2022 Nastavite\u013en\u00e1 v\u00fdse\u010d zavla\u017eovania 25\u00b0 a\u017e 360\u00b0.<\/p>\n","protected":false},"featured_media":2435,"template":"","meta":{"spay_email":""},"product_cat":[88,32],"product_tag":[],"_links":{"self":[{"href":"https:\/\/orbit-zavlahy.sk\/obchod\/wp-json\/wp\/v2\/product\/2436"}],"collection":[{"href":"https:\/\/orbit-zavlahy.sk\/obchod\/wp-json\/wp\/v2\/product"}],"about":[{"href":"https:\/\/orbit-zavlahy.sk\/obchod\/wp-json\/wp\/v2\/types\/product"}],"wp:featuredmedia":[{"embeddable":true,"href":"https:\/\/orbit-zavlahy.sk\/obchod\/wp-json\/wp\/v2\/media\/2435"}],"wp:attachment":[{"href":"https:\/\/orbit-zavlahy.sk\/obchod\/wp-json\/wp\/v2\/media?parent=2436"}],"wp:term":[{"taxonomy":"product_cat","embeddable":true,"href":"https:\/\/orbit-zavlahy.sk\/obchod\/wp-json\/wp\/v2\/product_cat?post=2436"},{"taxonomy":"product_tag","embeddable":true,"href":"https:\/\/orbit-zavlahy.sk\/obchod\/wp-json\/wp\/v2\/product_tag?post=2436"}],"curies":[{"name":"wp","href":"https:\/\/api.w.org\/{rel}","templated":true}]}}