{"id":2428,"date":"2020-11-16T09:29:44","date_gmt":"2020-11-16T08:29:44","guid":{"rendered":"https:\/\/orbit-zavlahy.sk\/eshop\/?post_type=product&#038;p=2428"},"modified":"2021-01-20T15:21:34","modified_gmt":"2021-01-20T14:21:34","slug":"oscilator-330-m2","status":"publish","type":"product","link":"https:\/\/orbit-zavlahy.sk\/obchod\/product\/oscilator-330-m2\/","title":{"rendered":"OSCIL\u00c1TOR &#8211; 330 m2"},"content":{"rendered":"","protected":false},"excerpt":{"rendered":"<p>\u2022 Obd\u013a\u017enikov\u00fd postrekov\u00fd vzor<br \/>\n\u2022 21 trysiek na zakrivenom hlin\u00edkovom potrub\u00ed.<br \/>\n\u2022 Mas\u00edvna z\u00e1klad\u0148a zaru\u010duje \u013eahk\u00e9 polohovanie.<\/p>\n","protected":false},"featured_media":2429,"template":"","meta":{"spay_email":""},"product_cat":[84,32],"product_tag":[],"_links":{"self":[{"href":"https:\/\/orbit-zavlahy.sk\/obchod\/wp-json\/wp\/v2\/product\/2428"}],"collection":[{"href":"https:\/\/orbit-zavlahy.sk\/obchod\/wp-json\/wp\/v2\/product"}],"about":[{"href":"https:\/\/orbit-zavlahy.sk\/obchod\/wp-json\/wp\/v2\/types\/product"}],"wp:featuredmedia":[{"embeddable":true,"href":"https:\/\/orbit-zavlahy.sk\/obchod\/wp-json\/wp\/v2\/media\/2429"}],"wp:attachment":[{"href":"https:\/\/orbit-zavlahy.sk\/obchod\/wp-json\/wp\/v2\/media?parent=2428"}],"wp:term":[{"taxonomy":"product_cat","embeddable":true,"href":"https:\/\/orbit-zavlahy.sk\/obchod\/wp-json\/wp\/v2\/product_cat?post=2428"},{"taxonomy":"product_tag","embeddable":true,"href":"https:\/\/orbit-zavlahy.sk\/obchod\/wp-json\/wp\/v2\/product_tag?post=2428"}],"curies":[{"name":"wp","href":"https:\/\/api.w.org\/{rel}","templated":true}]}}