{"id":2419,"date":"2020-11-16T08:27:48","date_gmt":"2020-11-16T07:27:48","guid":{"rendered":"https:\/\/orbit-zavlahy.sk\/eshop\/?post_type=product&#038;p=2419"},"modified":"2024-07-16T20:09:22","modified_gmt":"2024-07-16T18:09:22","slug":"slimline-metal-oscilator-22-dierovy","status":"publish","type":"product","link":"https:\/\/orbit-zavlahy.sk\/obchod\/product\/slimline-metal-oscilator-22-dierovy\/","title":{"rendered":"SLIMLINE METAL OSCIL\u00c1TOR &#8211; 22-DIEROV\u00dd"},"content":{"rendered":"","protected":false},"excerpt":{"rendered":"<p>\u2022 Pokrytie plochy a\u017e do 330 \u0161tvorcov\u00fdch metrov.<br \/>\n\u2022 \u013dahk\u00e1 a pevn\u00e1 hlin\u00edkov\u00e1 kon\u0161trukcia.<br \/>\n\u2022 22 trysiek na hlin\u00edkovom polohovate\u013enom ramene pre rovnomern\u00e9 zavla\u017eovanie.<\/p>\n","protected":false},"featured_media":2421,"template":"","meta":{"spay_email":""},"product_cat":[84,32],"product_tag":[],"_links":{"self":[{"href":"https:\/\/orbit-zavlahy.sk\/obchod\/wp-json\/wp\/v2\/product\/2419"}],"collection":[{"href":"https:\/\/orbit-zavlahy.sk\/obchod\/wp-json\/wp\/v2\/product"}],"about":[{"href":"https:\/\/orbit-zavlahy.sk\/obchod\/wp-json\/wp\/v2\/types\/product"}],"wp:featuredmedia":[{"embeddable":true,"href":"https:\/\/orbit-zavlahy.sk\/obchod\/wp-json\/wp\/v2\/media\/2421"}],"wp:attachment":[{"href":"https:\/\/orbit-zavlahy.sk\/obchod\/wp-json\/wp\/v2\/media?parent=2419"}],"wp:term":[{"taxonomy":"product_cat","embeddable":true,"href":"https:\/\/orbit-zavlahy.sk\/obchod\/wp-json\/wp\/v2\/product_cat?post=2419"},{"taxonomy":"product_tag","embeddable":true,"href":"https:\/\/orbit-zavlahy.sk\/obchod\/wp-json\/wp\/v2\/product_tag?post=2419"}],"curies":[{"name":"wp","href":"https:\/\/api.w.org\/{rel}","templated":true}]}}