{"id":2417,"date":"2020-11-16T08:12:22","date_gmt":"2020-11-16T07:12:22","guid":{"rendered":"https:\/\/orbit-zavlahy.sk\/eshop\/?post_type=product&#038;p=2417"},"modified":"2021-01-20T15:22:38","modified_gmt":"2021-01-20T14:22:38","slug":"slimline-oscilator-22-dierovy","status":"publish","type":"product","link":"https:\/\/orbit-zavlahy.sk\/obchod\/product\/slimline-oscilator-22-dierovy\/","title":{"rendered":"SLIMLINE OSCIL\u00c1TOR &#8211; 22-DIEROV\u00dd"},"content":{"rendered":"","protected":false},"excerpt":{"rendered":"<p>\u2022 Pokrytie plochy a\u017e do 330 \u0161tvorcov\u00fdch metrov.<br \/>\n\u2022 22 trysiek na polohovate\u013enom hlin\u00edkovom ramene pre rovnomern\u00e9 zavla\u017eovanie.<\/p>\n","protected":false},"featured_media":2418,"template":"","meta":{"spay_email":""},"product_cat":[84,32],"product_tag":[],"_links":{"self":[{"href":"https:\/\/orbit-zavlahy.sk\/obchod\/wp-json\/wp\/v2\/product\/2417"}],"collection":[{"href":"https:\/\/orbit-zavlahy.sk\/obchod\/wp-json\/wp\/v2\/product"}],"about":[{"href":"https:\/\/orbit-zavlahy.sk\/obchod\/wp-json\/wp\/v2\/types\/product"}],"wp:featuredmedia":[{"embeddable":true,"href":"https:\/\/orbit-zavlahy.sk\/obchod\/wp-json\/wp\/v2\/media\/2418"}],"wp:attachment":[{"href":"https:\/\/orbit-zavlahy.sk\/obchod\/wp-json\/wp\/v2\/media?parent=2417"}],"wp:term":[{"taxonomy":"product_cat","embeddable":true,"href":"https:\/\/orbit-zavlahy.sk\/obchod\/wp-json\/wp\/v2\/product_cat?post=2417"},{"taxonomy":"product_tag","embeddable":true,"href":"https:\/\/orbit-zavlahy.sk\/obchod\/wp-json\/wp\/v2\/product_tag?post=2417"}],"curies":[{"name":"wp","href":"https:\/\/api.w.org\/{rel}","templated":true}]}}