{"id":2413,"date":"2020-11-14T21:27:39","date_gmt":"2020-11-14T20:27:39","guid":{"rendered":"https:\/\/orbit-zavlahy.sk\/eshop\/?post_type=product&#038;p=2413"},"modified":"2020-11-14T21:27:40","modified_gmt":"2020-11-14T20:27:40","slug":"vymenna-tryska-s-vnutornym-zavitom-180-dostrek-3-m","status":"publish","type":"product","link":"https:\/\/orbit-zavlahy.sk\/obchod\/product\/vymenna-tryska-s-vnutornym-zavitom-180-dostrek-3-m\/","title":{"rendered":"V\u00fdmenn\u00e1 tryska s vn\u00fatorn\u00fdm z\u00e1vitom &#8211; 180\u00b0; dostrek 3 m"},"content":{"rendered":"","protected":false},"excerpt":{"rendered":"<p>V\u00fdmenn\u00e1 tryska s vn\u00fatorn\u00fdm z\u00e1vitom; pevn\u00e1 v\u00fdse\u010d 180\u00b0; s filtrom; dostrek 3 m pri tlaku 1,7 baru; 3 l\/min; vzostup 15\u00b0<\/p>\n","protected":false},"featured_media":1423,"template":"","meta":{"spay_email":""},"product_cat":[25,43,44],"product_tag":[],"_links":{"self":[{"href":"https:\/\/orbit-zavlahy.sk\/obchod\/wp-json\/wp\/v2\/product\/2413"}],"collection":[{"href":"https:\/\/orbit-zavlahy.sk\/obchod\/wp-json\/wp\/v2\/product"}],"about":[{"href":"https:\/\/orbit-zavlahy.sk\/obchod\/wp-json\/wp\/v2\/types\/product"}],"wp:featuredmedia":[{"embeddable":true,"href":"https:\/\/orbit-zavlahy.sk\/obchod\/wp-json\/wp\/v2\/media\/1423"}],"wp:attachment":[{"href":"https:\/\/orbit-zavlahy.sk\/obchod\/wp-json\/wp\/v2\/media?parent=2413"}],"wp:term":[{"taxonomy":"product_cat","embeddable":true,"href":"https:\/\/orbit-zavlahy.sk\/obchod\/wp-json\/wp\/v2\/product_cat?post=2413"},{"taxonomy":"product_tag","embeddable":true,"href":"https:\/\/orbit-zavlahy.sk\/obchod\/wp-json\/wp\/v2\/product_tag?post=2413"}],"curies":[{"name":"wp","href":"https:\/\/api.w.org\/{rel}","templated":true}]}}