{"id":2406,"date":"2020-11-14T20:50:30","date_gmt":"2020-11-14T19:50:30","guid":{"rendered":"https:\/\/orbit-zavlahy.sk\/eshop\/?post_type=product&#038;p=2406"},"modified":"2020-11-16T18:51:36","modified_gmt":"2020-11-16T17:51:36","slug":"1-2-vysuvny-rozstrekovac-adapter-vysuvnik-30-cm","status":"publish","type":"product","link":"https:\/\/orbit-zavlahy.sk\/obchod\/product\/1-2-vysuvny-rozstrekovac-adapter-vysuvnik-30-cm\/","title":{"rendered":"1\/2\u201d v\u00fdsuvn\u00fd rozstrekova\u010d &#8211; adapt\u00e9r &#8211; v\u00fdsuvn\u00edk 30 cm"},"content":{"rendered":"","protected":false},"excerpt":{"rendered":"<p>1\/2\u201d v\u00fdsuvn\u00fd rozstrekova\u010d &#8211; adapt\u00e9r, v\u00fdsuvn\u00edk 30 cm, s oto\u010dnou \u010distiacou tryskou, je ur\u010den\u00fd k namontovaniu v\u0161etk\u00fdch v\u00fdmenn\u00fdch trysiek. V\u00fd\u0161ka bez vysunut\u00e9ho v\u00fdsuvn\u00edka 41 cm.<\/p>\n","protected":false},"featured_media":1416,"template":"","meta":{"spay_email":""},"product_cat":[25,43,74],"product_tag":[],"_links":{"self":[{"href":"https:\/\/orbit-zavlahy.sk\/obchod\/wp-json\/wp\/v2\/product\/2406"}],"collection":[{"href":"https:\/\/orbit-zavlahy.sk\/obchod\/wp-json\/wp\/v2\/product"}],"about":[{"href":"https:\/\/orbit-zavlahy.sk\/obchod\/wp-json\/wp\/v2\/types\/product"}],"wp:featuredmedia":[{"embeddable":true,"href":"https:\/\/orbit-zavlahy.sk\/obchod\/wp-json\/wp\/v2\/media\/1416"}],"wp:attachment":[{"href":"https:\/\/orbit-zavlahy.sk\/obchod\/wp-json\/wp\/v2\/media?parent=2406"}],"wp:term":[{"taxonomy":"product_cat","embeddable":true,"href":"https:\/\/orbit-zavlahy.sk\/obchod\/wp-json\/wp\/v2\/product_cat?post=2406"},{"taxonomy":"product_tag","embeddable":true,"href":"https:\/\/orbit-zavlahy.sk\/obchod\/wp-json\/wp\/v2\/product_tag?post=2406"}],"curies":[{"name":"wp","href":"https:\/\/api.w.org\/{rel}","templated":true}]}}