{"id":2400,"date":"2020-11-14T20:31:38","date_gmt":"2020-11-14T19:31:38","guid":{"rendered":"https:\/\/orbit-zavlahy.sk\/eshop\/?post_type=product&#038;p=2400"},"modified":"2020-11-14T20:31:39","modified_gmt":"2020-11-14T19:31:39","slug":"1-2-sprinkler-rozstrek-6-x-6-m-stvorec-17-baru-7-l-min","status":"publish","type":"product","link":"https:\/\/orbit-zavlahy.sk\/obchod\/product\/1-2-sprinkler-rozstrek-6-x-6-m-stvorec-17-baru-7-l-min\/","title":{"rendered":"1\/2&#8243; sprinkler &#8211; rozstrek 6 x 6 m \u0161tvorec; 1,7 baru; 7 l\/min"},"content":{"rendered":"","protected":false},"excerpt":{"rendered":"<p>1\/2&#8243; sprinkler &#8211; v\u00fdsuvn\u00fd rozstrekova\u010d s tryskou; filter; rozstrek 6 x 6 m \u0161tvorec; 1,7 baru; 7 l\/min<\/p>\n","protected":false},"featured_media":1041,"template":"","meta":{"spay_email":""},"product_cat":[25,42],"product_tag":[],"_links":{"self":[{"href":"https:\/\/orbit-zavlahy.sk\/obchod\/wp-json\/wp\/v2\/product\/2400"}],"collection":[{"href":"https:\/\/orbit-zavlahy.sk\/obchod\/wp-json\/wp\/v2\/product"}],"about":[{"href":"https:\/\/orbit-zavlahy.sk\/obchod\/wp-json\/wp\/v2\/types\/product"}],"wp:featuredmedia":[{"embeddable":true,"href":"https:\/\/orbit-zavlahy.sk\/obchod\/wp-json\/wp\/v2\/media\/1041"}],"wp:attachment":[{"href":"https:\/\/orbit-zavlahy.sk\/obchod\/wp-json\/wp\/v2\/media?parent=2400"}],"wp:term":[{"taxonomy":"product_cat","embeddable":true,"href":"https:\/\/orbit-zavlahy.sk\/obchod\/wp-json\/wp\/v2\/product_cat?post=2400"},{"taxonomy":"product_tag","embeddable":true,"href":"https:\/\/orbit-zavlahy.sk\/obchod\/wp-json\/wp\/v2\/product_tag?post=2400"}],"curies":[{"name":"wp","href":"https:\/\/api.w.org\/{rel}","templated":true}]}}