{"id":2397,"date":"2020-11-14T20:17:25","date_gmt":"2020-11-14T19:17:25","guid":{"rendered":"https:\/\/orbit-zavlahy.sk\/eshop\/?post_type=product&#038;p=2397"},"modified":"2020-11-14T20:17:26","modified_gmt":"2020-11-14T19:17:26","slug":"1-2-sprinkler-rozstrek-15-x-91-m-obdlznik-17-baru-75-l-min","status":"publish","type":"product","link":"https:\/\/orbit-zavlahy.sk\/obchod\/product\/1-2-sprinkler-rozstrek-15-x-91-m-obdlznik-17-baru-75-l-min\/","title":{"rendered":"1\/2&#8243; sprinkler &#8211; rozstrek 1,5 x 9,1 m obd\u013a\u017enik; 1,7 baru; 7,5 l\/min"},"content":{"rendered":"","protected":false},"excerpt":{"rendered":"<p>1\/2&#8243; sprinkler &#8211; v\u00fdsuvn\u00fd rozstrekova\u010d s tryskou; filter; rozstrek 1,5 x 9,1 m obd\u013a\u017enik; 1,7 baru; 7,5 l\/min<\/p>\n","protected":false},"featured_media":1594,"template":"","meta":{"spay_email":""},"product_cat":[25,42],"product_tag":[],"_links":{"self":[{"href":"https:\/\/orbit-zavlahy.sk\/obchod\/wp-json\/wp\/v2\/product\/2397"}],"collection":[{"href":"https:\/\/orbit-zavlahy.sk\/obchod\/wp-json\/wp\/v2\/product"}],"about":[{"href":"https:\/\/orbit-zavlahy.sk\/obchod\/wp-json\/wp\/v2\/types\/product"}],"wp:featuredmedia":[{"embeddable":true,"href":"https:\/\/orbit-zavlahy.sk\/obchod\/wp-json\/wp\/v2\/media\/1594"}],"wp:attachment":[{"href":"https:\/\/orbit-zavlahy.sk\/obchod\/wp-json\/wp\/v2\/media?parent=2397"}],"wp:term":[{"taxonomy":"product_cat","embeddable":true,"href":"https:\/\/orbit-zavlahy.sk\/obchod\/wp-json\/wp\/v2\/product_cat?post=2397"},{"taxonomy":"product_tag","embeddable":true,"href":"https:\/\/orbit-zavlahy.sk\/obchod\/wp-json\/wp\/v2\/product_tag?post=2397"}],"curies":[{"name":"wp","href":"https:\/\/api.w.org\/{rel}","templated":true}]}}