{"id":2396,"date":"2020-11-14T19:52:27","date_gmt":"2020-11-14T18:52:27","guid":{"rendered":"https:\/\/orbit-zavlahy.sk\/eshop\/?post_type=product&#038;p=2396"},"modified":"2020-11-14T19:52:29","modified_gmt":"2020-11-14T18:52:29","slug":"1-2-sprinkler-vysuvnik-10-cm-rozstrek-15-x-46-m-obdlznik-17-baru-4-l-min","status":"publish","type":"product","link":"https:\/\/orbit-zavlahy.sk\/obchod\/product\/1-2-sprinkler-vysuvnik-10-cm-rozstrek-15-x-46-m-obdlznik-17-baru-4-l-min\/","title":{"rendered":"1\/2\u201d sprinkler &#8211; v\u00fdsuvn\u00edk 10 cm; rozstrek 1,5 x 4,6 m obd\u013a\u017enik; 1,7 baru; 4 l\/min"},"content":{"rendered":"","protected":false},"excerpt":{"rendered":"<p>1\/2\u201d sprinkler &#8211; v\u00fdsuvn\u00fd rozstrekova\u010d s tryskou; filter; v\u00fdsuvn\u00edk 10 cm; rozstrek 1,5 x 4,6 m obd\u013a\u017enik; 1,7 baru; 4 l\/min<\/p>\n","protected":false},"featured_media":1411,"template":"","meta":{"spay_email":""},"product_cat":[25,42],"product_tag":[],"_links":{"self":[{"href":"https:\/\/orbit-zavlahy.sk\/obchod\/wp-json\/wp\/v2\/product\/2396"}],"collection":[{"href":"https:\/\/orbit-zavlahy.sk\/obchod\/wp-json\/wp\/v2\/product"}],"about":[{"href":"https:\/\/orbit-zavlahy.sk\/obchod\/wp-json\/wp\/v2\/types\/product"}],"wp:featuredmedia":[{"embeddable":true,"href":"https:\/\/orbit-zavlahy.sk\/obchod\/wp-json\/wp\/v2\/media\/1411"}],"wp:attachment":[{"href":"https:\/\/orbit-zavlahy.sk\/obchod\/wp-json\/wp\/v2\/media?parent=2396"}],"wp:term":[{"taxonomy":"product_cat","embeddable":true,"href":"https:\/\/orbit-zavlahy.sk\/obchod\/wp-json\/wp\/v2\/product_cat?post=2396"},{"taxonomy":"product_tag","embeddable":true,"href":"https:\/\/orbit-zavlahy.sk\/obchod\/wp-json\/wp\/v2\/product_tag?post=2396"}],"curies":[{"name":"wp","href":"https:\/\/api.w.org\/{rel}","templated":true}]}}