{"id":2393,"date":"2020-11-14T19:46:43","date_gmt":"2020-11-14T18:46:43","guid":{"rendered":"https:\/\/orbit-zavlahy.sk\/eshop\/?post_type=product&#038;p=2393"},"modified":"2020-11-14T19:46:43","modified_gmt":"2020-11-14T18:46:43","slug":"1-2-sprinkler-rozstrek-15-x-73-m-obdlznik-17-baru-6-l-min","status":"publish","type":"product","link":"https:\/\/orbit-zavlahy.sk\/obchod\/product\/1-2-sprinkler-rozstrek-15-x-73-m-obdlznik-17-baru-6-l-min\/","title":{"rendered":"1\/2&#8243; sprinkler &#8211; rozstrek 1,5 x 7,3 m obd\u013a\u017enik; 1,7 baru; 6 l\/min"},"content":{"rendered":"","protected":false},"excerpt":{"rendered":"<p>1\/2&#8243; sprinkler &#8211; v\u00fdsuvn\u00fd rozstrekova\u010d s tryskou; filter; rozstrek 1,5 x 7,3 m obd\u013a\u017enik; 1,7 baru; 6 l\/min<\/p>\n","protected":false},"featured_media":1410,"template":"","meta":{"spay_email":""},"product_cat":[25,42],"product_tag":[],"_links":{"self":[{"href":"https:\/\/orbit-zavlahy.sk\/obchod\/wp-json\/wp\/v2\/product\/2393"}],"collection":[{"href":"https:\/\/orbit-zavlahy.sk\/obchod\/wp-json\/wp\/v2\/product"}],"about":[{"href":"https:\/\/orbit-zavlahy.sk\/obchod\/wp-json\/wp\/v2\/types\/product"}],"wp:featuredmedia":[{"embeddable":true,"href":"https:\/\/orbit-zavlahy.sk\/obchod\/wp-json\/wp\/v2\/media\/1410"}],"wp:attachment":[{"href":"https:\/\/orbit-zavlahy.sk\/obchod\/wp-json\/wp\/v2\/media?parent=2393"}],"wp:term":[{"taxonomy":"product_cat","embeddable":true,"href":"https:\/\/orbit-zavlahy.sk\/obchod\/wp-json\/wp\/v2\/product_cat?post=2393"},{"taxonomy":"product_tag","embeddable":true,"href":"https:\/\/orbit-zavlahy.sk\/obchod\/wp-json\/wp\/v2\/product_tag?post=2393"}],"curies":[{"name":"wp","href":"https:\/\/api.w.org\/{rel}","templated":true}]}}