{"id":2385,"date":"2020-11-14T19:09:27","date_gmt":"2020-11-14T18:09:27","guid":{"rendered":"https:\/\/orbit-zavlahy.sk\/eshop\/?post_type=product&#038;p=2385"},"modified":"2020-11-14T19:33:31","modified_gmt":"2020-11-14T18:33:31","slug":"1-2-sprinkler-rozstrek-09-x-370-m-obdlznik-dostrek-37-m-17-baru-25-l-min","status":"publish","type":"product","link":"https:\/\/orbit-zavlahy.sk\/obchod\/product\/1-2-sprinkler-rozstrek-09-x-370-m-obdlznik-dostrek-37-m-17-baru-25-l-min\/","title":{"rendered":"1\/2\u201d sprinkler &#8211; rozstrek 0,9 x 3,70 m obd\u013a\u017enik; dostrek 3,7 m; 1,7 baru; 2,5 l\/min"},"content":{"rendered":"","protected":false},"excerpt":{"rendered":"<p>1\/2\u201d sprinkler &#8211; v\u00fdsuvn\u00fd rozstrekova\u010d s tryskou; filter; rozstrek 0,9 x 3,70 m obd\u013a\u017enik; dostrek 3,7 m; 1,7 baru; 2,5 l\/min.<\/p>\n","protected":false},"featured_media":1587,"template":"","meta":{"spay_email":""},"product_cat":[25,42],"product_tag":[],"_links":{"self":[{"href":"https:\/\/orbit-zavlahy.sk\/obchod\/wp-json\/wp\/v2\/product\/2385"}],"collection":[{"href":"https:\/\/orbit-zavlahy.sk\/obchod\/wp-json\/wp\/v2\/product"}],"about":[{"href":"https:\/\/orbit-zavlahy.sk\/obchod\/wp-json\/wp\/v2\/types\/product"}],"wp:featuredmedia":[{"embeddable":true,"href":"https:\/\/orbit-zavlahy.sk\/obchod\/wp-json\/wp\/v2\/media\/1587"}],"wp:attachment":[{"href":"https:\/\/orbit-zavlahy.sk\/obchod\/wp-json\/wp\/v2\/media?parent=2385"}],"wp:term":[{"taxonomy":"product_cat","embeddable":true,"href":"https:\/\/orbit-zavlahy.sk\/obchod\/wp-json\/wp\/v2\/product_cat?post=2385"},{"taxonomy":"product_tag","embeddable":true,"href":"https:\/\/orbit-zavlahy.sk\/obchod\/wp-json\/wp\/v2\/product_tag?post=2385"}],"curies":[{"name":"wp","href":"https:\/\/api.w.org\/{rel}","templated":true}]}}