{"id":2383,"date":"2020-11-14T18:54:30","date_gmt":"2020-11-14T17:54:30","guid":{"rendered":"https:\/\/orbit-zavlahy.sk\/eshop\/?post_type=product&#038;p=2383"},"modified":"2020-11-14T18:59:41","modified_gmt":"2020-11-14T17:59:41","slug":"1-2-sprinkler-vysuvnik-5-cm-vysec-rozstreku-90-dostrek-36-m-17-baru-3-l-min","status":"publish","type":"product","link":"https:\/\/orbit-zavlahy.sk\/obchod\/product\/1-2-sprinkler-vysuvnik-5-cm-vysec-rozstreku-90-dostrek-36-m-17-baru-3-l-min\/","title":{"rendered":"1\/2&#8243; sprinkler &#8211; v\u00fdsuvn\u00edk 5 cm; v\u00fdse\u010d rozstreku 90\u00b0; dostrek 3,6 m; 1,7 baru; 3 l\/min"},"content":{"rendered":"","protected":false},"excerpt":{"rendered":"<p>1\/2&#8243; sprinkler &#8211; v\u00fdsuvn\u00fd rozstrekova\u010d s tryskou; filter; v\u00fdsuvn\u00edk 5 cm; v\u00fdse\u010d rozstreku 90\u00b0; dostrek 3,6 m; 1,7 baru; 3 l\/min<\/p>\n","protected":false},"featured_media":1031,"template":"","meta":{"spay_email":""},"product_cat":[25,42],"product_tag":[],"_links":{"self":[{"href":"https:\/\/orbit-zavlahy.sk\/obchod\/wp-json\/wp\/v2\/product\/2383"}],"collection":[{"href":"https:\/\/orbit-zavlahy.sk\/obchod\/wp-json\/wp\/v2\/product"}],"about":[{"href":"https:\/\/orbit-zavlahy.sk\/obchod\/wp-json\/wp\/v2\/types\/product"}],"wp:featuredmedia":[{"embeddable":true,"href":"https:\/\/orbit-zavlahy.sk\/obchod\/wp-json\/wp\/v2\/media\/1031"}],"wp:attachment":[{"href":"https:\/\/orbit-zavlahy.sk\/obchod\/wp-json\/wp\/v2\/media?parent=2383"}],"wp:term":[{"taxonomy":"product_cat","embeddable":true,"href":"https:\/\/orbit-zavlahy.sk\/obchod\/wp-json\/wp\/v2\/product_cat?post=2383"},{"taxonomy":"product_tag","embeddable":true,"href":"https:\/\/orbit-zavlahy.sk\/obchod\/wp-json\/wp\/v2\/product_tag?post=2383"}],"curies":[{"name":"wp","href":"https:\/\/api.w.org\/{rel}","templated":true}]}}