{"id":2380,"date":"2020-11-14T18:37:57","date_gmt":"2020-11-14T17:37:57","guid":{"rendered":"https:\/\/orbit-zavlahy.sk\/eshop\/?post_type=product&#038;p=2380"},"modified":"2021-02-24T14:52:41","modified_gmt":"2021-02-24T13:52:41","slug":"prenosny-skladaci-stojan-teleskopicky","status":"publish","type":"product","link":"https:\/\/orbit-zavlahy.sk\/obchod\/product\/prenosny-skladaci-stojan-teleskopicky\/","title":{"rendered":"Prenosn\u00fd skladac\u00ed stojan teleskopick\u00fd"},"content":{"rendered":"","protected":false},"excerpt":{"rendered":"<p>Prenosn\u00fd skladac\u00ed stojan teleskopick\u00fd, trojramenn\u00fd.<\/p>\n","protected":false},"featured_media":1114,"template":"","meta":{"spay_email":""},"product_cat":[25,48],"product_tag":[],"_links":{"self":[{"href":"https:\/\/orbit-zavlahy.sk\/obchod\/wp-json\/wp\/v2\/product\/2380"}],"collection":[{"href":"https:\/\/orbit-zavlahy.sk\/obchod\/wp-json\/wp\/v2\/product"}],"about":[{"href":"https:\/\/orbit-zavlahy.sk\/obchod\/wp-json\/wp\/v2\/types\/product"}],"wp:featuredmedia":[{"embeddable":true,"href":"https:\/\/orbit-zavlahy.sk\/obchod\/wp-json\/wp\/v2\/media\/1114"}],"wp:attachment":[{"href":"https:\/\/orbit-zavlahy.sk\/obchod\/wp-json\/wp\/v2\/media?parent=2380"}],"wp:term":[{"taxonomy":"product_cat","embeddable":true,"href":"https:\/\/orbit-zavlahy.sk\/obchod\/wp-json\/wp\/v2\/product_cat?post=2380"},{"taxonomy":"product_tag","embeddable":true,"href":"https:\/\/orbit-zavlahy.sk\/obchod\/wp-json\/wp\/v2\/product_tag?post=2380"}],"curies":[{"name":"wp","href":"https:\/\/api.w.org\/{rel}","templated":true}]}}