{"id":2377,"date":"2020-11-14T18:31:59","date_gmt":"2020-11-14T17:31:59","guid":{"rendered":"https:\/\/orbit-zavlahy.sk\/eshop\/?post_type=product&#038;p=2377"},"modified":"2021-02-24T14:59:47","modified_gmt":"2021-02-24T13:59:47","slug":"prenosny-skladaci-stojan-pre-uderove-rozstrekovace","status":"publish","type":"product","link":"https:\/\/orbit-zavlahy.sk\/obchod\/product\/prenosny-skladaci-stojan-pre-uderove-rozstrekovace\/","title":{"rendered":"Prenosn\u00fd skladac\u00ed stojan pre \u00faderov\u00e9 rozstrekova\u010de"},"content":{"rendered":"","protected":false},"excerpt":{"rendered":"","protected":false},"featured_media":1116,"template":"","meta":{"spay_email":""},"product_cat":[25,48],"product_tag":[],"_links":{"self":[{"href":"https:\/\/orbit-zavlahy.sk\/obchod\/wp-json\/wp\/v2\/product\/2377"}],"collection":[{"href":"https:\/\/orbit-zavlahy.sk\/obchod\/wp-json\/wp\/v2\/product"}],"about":[{"href":"https:\/\/orbit-zavlahy.sk\/obchod\/wp-json\/wp\/v2\/types\/product"}],"wp:featuredmedia":[{"embeddable":true,"href":"https:\/\/orbit-zavlahy.sk\/obchod\/wp-json\/wp\/v2\/media\/1116"}],"wp:attachment":[{"href":"https:\/\/orbit-zavlahy.sk\/obchod\/wp-json\/wp\/v2\/media?parent=2377"}],"wp:term":[{"taxonomy":"product_cat","embeddable":true,"href":"https:\/\/orbit-zavlahy.sk\/obchod\/wp-json\/wp\/v2\/product_cat?post=2377"},{"taxonomy":"product_tag","embeddable":true,"href":"https:\/\/orbit-zavlahy.sk\/obchod\/wp-json\/wp\/v2\/product_tag?post=2377"}],"curies":[{"name":"wp","href":"https:\/\/api.w.org\/{rel}","templated":true}]}}