{"id":2372,"date":"2020-11-14T18:11:05","date_gmt":"2020-11-14T17:11:05","guid":{"rendered":"https:\/\/orbit-zavlahy.sk\/eshop\/?post_type=product&#038;p=2372"},"modified":"2021-02-24T14:46:21","modified_gmt":"2021-02-24T13:46:21","slug":"1-2-plastovy-vozik-s-predlzenim","status":"publish","type":"product","link":"https:\/\/orbit-zavlahy.sk\/obchod\/product\/1-2-plastovy-vozik-s-predlzenim\/","title":{"rendered":"1\/2&#8243; plastov\u00fd voz\u00edk s pred\u013a\u017een\u00edm"},"content":{"rendered":"","protected":false},"excerpt":{"rendered":"<p>1\/2&#8243; plastov\u00fd voz\u00edk s pevn\u00fdm pred\u013a\u017een\u00edm a nastavite\u013enou v\u00fdmennou tryskou v\u00fdse\u010d 25 &#8211; 360\u00b0, dostrek v polomere 5 m; spotreba vody 2-12 l\/min.<\/p>\n","protected":false},"featured_media":1111,"template":"","meta":{"spay_email":""},"product_cat":[25,48],"product_tag":[],"_links":{"self":[{"href":"https:\/\/orbit-zavlahy.sk\/obchod\/wp-json\/wp\/v2\/product\/2372"}],"collection":[{"href":"https:\/\/orbit-zavlahy.sk\/obchod\/wp-json\/wp\/v2\/product"}],"about":[{"href":"https:\/\/orbit-zavlahy.sk\/obchod\/wp-json\/wp\/v2\/types\/product"}],"wp:featuredmedia":[{"embeddable":true,"href":"https:\/\/orbit-zavlahy.sk\/obchod\/wp-json\/wp\/v2\/media\/1111"}],"wp:attachment":[{"href":"https:\/\/orbit-zavlahy.sk\/obchod\/wp-json\/wp\/v2\/media?parent=2372"}],"wp:term":[{"taxonomy":"product_cat","embeddable":true,"href":"https:\/\/orbit-zavlahy.sk\/obchod\/wp-json\/wp\/v2\/product_cat?post=2372"},{"taxonomy":"product_tag","embeddable":true,"href":"https:\/\/orbit-zavlahy.sk\/obchod\/wp-json\/wp\/v2\/product_tag?post=2372"}],"curies":[{"name":"wp","href":"https:\/\/api.w.org\/{rel}","templated":true}]}}