{"id":2369,"date":"2020-11-14T17:55:09","date_gmt":"2020-11-14T16:55:09","guid":{"rendered":"https:\/\/orbit-zavlahy.sk\/eshop\/?post_type=product&#038;p=2369"},"modified":"2021-02-24T14:38:27","modified_gmt":"2021-02-24T13:38:27","slug":"1-2-bodec-pre-uchytenie-uderovych-nadzemnych-rozstrekovacov","status":"publish","type":"product","link":"https:\/\/orbit-zavlahy.sk\/obchod\/product\/1-2-bodec-pre-uchytenie-uderovych-nadzemnych-rozstrekovacov\/","title":{"rendered":"1\/2&#8243; bodec pre uchytenie \u00faderov\u00fdch nadzemn\u00fdch rozstrekova\u010dov"},"content":{"rendered":"","protected":false},"excerpt":{"rendered":"<p>1\/2&#8243; bodec pre uchytenie \u00faderov\u00fdch nadzemn\u00fdch rozstrekova\u010dov; horn\u00fd z\u00e1vit 1\/2&#8243; vn\u00fatorn\u00fd, bo\u010dn\u00e9 z\u00e1vity vn\u00fatorn\u00fd, vonkaj\u0161\u00ed 3\/4&#8243;. S\u00fa\u010das\u0165ou je plastov\u00e9 vie\u010dko pre uzavrenie bo\u010dn\u00e9ho z\u00e1vitu. Plastov\u00e9 prevedenie.<\/p>\n","protected":false},"featured_media":1473,"template":"","meta":{"spay_email":""},"product_cat":[25,48],"product_tag":[],"_links":{"self":[{"href":"https:\/\/orbit-zavlahy.sk\/obchod\/wp-json\/wp\/v2\/product\/2369"}],"collection":[{"href":"https:\/\/orbit-zavlahy.sk\/obchod\/wp-json\/wp\/v2\/product"}],"about":[{"href":"https:\/\/orbit-zavlahy.sk\/obchod\/wp-json\/wp\/v2\/types\/product"}],"wp:featuredmedia":[{"embeddable":true,"href":"https:\/\/orbit-zavlahy.sk\/obchod\/wp-json\/wp\/v2\/media\/1473"}],"wp:attachment":[{"href":"https:\/\/orbit-zavlahy.sk\/obchod\/wp-json\/wp\/v2\/media?parent=2369"}],"wp:term":[{"taxonomy":"product_cat","embeddable":true,"href":"https:\/\/orbit-zavlahy.sk\/obchod\/wp-json\/wp\/v2\/product_cat?post=2369"},{"taxonomy":"product_tag","embeddable":true,"href":"https:\/\/orbit-zavlahy.sk\/obchod\/wp-json\/wp\/v2\/product_tag?post=2369"}],"curies":[{"name":"wp","href":"https:\/\/api.w.org\/{rel}","templated":true}]}}