{"id":2359,"date":"2020-11-14T16:16:28","date_gmt":"2020-11-14T15:16:28","guid":{"rendered":"https:\/\/orbit-zavlahy.sk\/eshop\/?post_type=product&#038;p=2359"},"modified":"2021-02-24T12:33:17","modified_gmt":"2021-02-24T11:33:17","slug":"1-2-nadzemny-uderovy-rozstrekovac-mosadzny-dostrek-do-priemeru-24-m","status":"publish","type":"product","link":"https:\/\/orbit-zavlahy.sk\/obchod\/product\/1-2-nadzemny-uderovy-rozstrekovac-mosadzny-dostrek-do-priemeru-24-m\/","title":{"rendered":"1\/2&#8243; nadzemn\u00fd \u00faderov\u00fd rozstrekova\u010d mosadzn\u00fd (dostrek do priemeru 24 m)"},"content":{"rendered":"<p>Na stiahnutie &#8211; Manu\u00e1l: <a href=\"https:\/\/orbit-zavlahy.sk\/PDF\/1..2-nadzemny-uderovy-rozstrekovac-mosadzny-dostrek-az-145-m.pdf\">\u00daderov\u00fd rozstrekova\u010d 1\/2&#8243; mosadzn\u00fd<\/a><\/p>\n","protected":false},"excerpt":{"rendered":"<p>1\/2&#8243; nadzemn\u00fd \u00faderov\u00fd rozstrekova\u010d mosadzn\u00fd &#8211; profi, v\u00fdse\u010dov\u00fd i kruhov\u00fd, pre pripojenie na 1\/2&#8243; vonkaj\u0161\u00ed z\u00e1vit, dostrek do priemeru 24 m, spotreba vody 3,79 &#8211; 22,71 l\/min pri tlaku 0,68 &#8211; 6,98 bar, vysoko odoln\u00e9 mosadzn\u00e9 prevedenie<\/p>\n","protected":false},"featured_media":1471,"template":"","meta":{"spay_email":""},"product_cat":[25,48],"product_tag":[],"_links":{"self":[{"href":"https:\/\/orbit-zavlahy.sk\/obchod\/wp-json\/wp\/v2\/product\/2359"}],"collection":[{"href":"https:\/\/orbit-zavlahy.sk\/obchod\/wp-json\/wp\/v2\/product"}],"about":[{"href":"https:\/\/orbit-zavlahy.sk\/obchod\/wp-json\/wp\/v2\/types\/product"}],"wp:featuredmedia":[{"embeddable":true,"href":"https:\/\/orbit-zavlahy.sk\/obchod\/wp-json\/wp\/v2\/media\/1471"}],"wp:attachment":[{"href":"https:\/\/orbit-zavlahy.sk\/obchod\/wp-json\/wp\/v2\/media?parent=2359"}],"wp:term":[{"taxonomy":"product_cat","embeddable":true,"href":"https:\/\/orbit-zavlahy.sk\/obchod\/wp-json\/wp\/v2\/product_cat?post=2359"},{"taxonomy":"product_tag","embeddable":true,"href":"https:\/\/orbit-zavlahy.sk\/obchod\/wp-json\/wp\/v2\/product_tag?post=2359"}],"curies":[{"name":"wp","href":"https:\/\/api.w.org\/{rel}","templated":true}]}}