{"id":2358,"date":"2020-11-14T16:08:27","date_gmt":"2020-11-14T15:08:27","guid":{"rendered":"https:\/\/orbit-zavlahy.sk\/eshop\/?post_type=product&#038;p=2358"},"modified":"2020-12-03T16:31:52","modified_gmt":"2020-12-03T15:31:52","slug":"set-intelligent-1-s-sptb-3","status":"publish","type":"product","link":"https:\/\/orbit-zavlahy.sk\/obchod\/product\/set-intelligent-1-s-sptb-3\/","title":{"rendered":"Set INTELLIGENT 1&#8243; s SPTB 3"},"content":{"rendered":"<p>Univerz\u00e1lny vod\u00e1rensk\u00fd set s 5\/4&#8243; prietokovou jednotkou INTELLIGENT na vertik\u00e1lnu in\u0161tal\u00e1ciu.<\/p>\n<p>Na stiahnutie: <a href=\"https:\/\/orbit-zavlahy.sk\/PDF\/intelligent-sk-x.pdf\">Manu\u00e1l AUTOMATICK\u00c9 OVL\u00c1DANIE CHODU \u010cERPADIEL<\/a><\/p>\n","protected":false},"excerpt":{"rendered":"<p>SET je vhodn\u00fd na in\u0161tal\u00e1ciu s \u010derpadlami do v\u00fdkonu max. 1,1kW a s nap\u00e4t\u00edm na 230V. \u010cerpadlo nie je s\u00fa\u010das\u0165ou tohto SET-u. Set je vhodn\u00fd na pou\u017eitie na mal\u00fa a\u017e stredne<br \/>\nve\u013ek\u00fa z\u00e1vlahu, z\u00e1sobovanie v\u00edkendovej chaty aj s malou z\u00e1vlahou, alebo na do\u010dasn\u00e9 a prechodn\u00e9 in\u0161tal\u00e1cie.<\/p>\n","protected":false},"featured_media":2360,"template":"","meta":{"spay_email":""},"product_cat":[30,68],"product_tag":[81],"_links":{"self":[{"href":"https:\/\/orbit-zavlahy.sk\/obchod\/wp-json\/wp\/v2\/product\/2358"}],"collection":[{"href":"https:\/\/orbit-zavlahy.sk\/obchod\/wp-json\/wp\/v2\/product"}],"about":[{"href":"https:\/\/orbit-zavlahy.sk\/obchod\/wp-json\/wp\/v2\/types\/product"}],"wp:featuredmedia":[{"embeddable":true,"href":"https:\/\/orbit-zavlahy.sk\/obchod\/wp-json\/wp\/v2\/media\/2360"}],"wp:attachment":[{"href":"https:\/\/orbit-zavlahy.sk\/obchod\/wp-json\/wp\/v2\/media?parent=2358"}],"wp:term":[{"taxonomy":"product_cat","embeddable":true,"href":"https:\/\/orbit-zavlahy.sk\/obchod\/wp-json\/wp\/v2\/product_cat?post=2358"},{"taxonomy":"product_tag","embeddable":true,"href":"https:\/\/orbit-zavlahy.sk\/obchod\/wp-json\/wp\/v2\/product_tag?post=2358"}],"curies":[{"name":"wp","href":"https:\/\/api.w.org\/{rel}","templated":true}]}}