{"id":2354,"date":"2020-11-14T15:57:14","date_gmt":"2020-11-14T14:57:14","guid":{"rendered":"https:\/\/orbit-zavlahy.sk\/eshop\/?post_type=product&#038;p=2354"},"modified":"2020-12-03T16:32:03","modified_gmt":"2020-12-03T15:32:03","slug":"ovladacia-jednotka-intelligent","status":"publish","type":"product","link":"https:\/\/orbit-zavlahy.sk\/obchod\/product\/ovladacia-jednotka-intelligent\/","title":{"rendered":"Ovl\u00e1dacia jednotka INTELLIGENT"},"content":{"rendered":"","protected":false},"excerpt":{"rendered":"<p>je najlacnej\u0161ia varianta ovl\u00e1dania ponorn\u00e9ho \u010derpadla na 230V. Prieto\u010dn\u00e1 elektronick\u00e1 jednotka sp\u00fa\u0161\u0165aj\u00faca a zastavuj\u00faca \u010derpadlo na z\u00e1klade prietoku \/ tlaku, ktor\u00e1 m\u00e1 zabudovan\u00fa ochranu proti behu na sucho.<\/p>\n","protected":false},"featured_media":2357,"template":"","meta":{"spay_email":""},"product_cat":[30,68],"product_tag":[81],"_links":{"self":[{"href":"https:\/\/orbit-zavlahy.sk\/obchod\/wp-json\/wp\/v2\/product\/2354"}],"collection":[{"href":"https:\/\/orbit-zavlahy.sk\/obchod\/wp-json\/wp\/v2\/product"}],"about":[{"href":"https:\/\/orbit-zavlahy.sk\/obchod\/wp-json\/wp\/v2\/types\/product"}],"wp:featuredmedia":[{"embeddable":true,"href":"https:\/\/orbit-zavlahy.sk\/obchod\/wp-json\/wp\/v2\/media\/2357"}],"wp:attachment":[{"href":"https:\/\/orbit-zavlahy.sk\/obchod\/wp-json\/wp\/v2\/media?parent=2354"}],"wp:term":[{"taxonomy":"product_cat","embeddable":true,"href":"https:\/\/orbit-zavlahy.sk\/obchod\/wp-json\/wp\/v2\/product_cat?post=2354"},{"taxonomy":"product_tag","embeddable":true,"href":"https:\/\/orbit-zavlahy.sk\/obchod\/wp-json\/wp\/v2\/product_tag?post=2354"}],"curies":[{"name":"wp","href":"https:\/\/api.w.org\/{rel}","templated":true}]}}