{"id":2352,"date":"2020-11-14T15:51:34","date_gmt":"2020-11-14T14:51:34","guid":{"rendered":"https:\/\/orbit-zavlahy.sk\/eshop\/?post_type=product&#038;p=2352"},"modified":"2020-11-14T16:10:24","modified_gmt":"2020-11-14T15:10:24","slug":"1-2-nadzemny-uderovy-rozstrekovac-kovovy-do-24-m","status":"publish","type":"product","link":"https:\/\/orbit-zavlahy.sk\/obchod\/product\/1-2-nadzemny-uderovy-rozstrekovac-kovovy-do-24-m\/","title":{"rendered":"1\/2&#8243; nadzemn\u00fd \u00faderov\u00fd rozstrekova\u010d kovov\u00fd (do priemeru 24 m)"},"content":{"rendered":"","protected":false},"excerpt":{"rendered":"<p>1\/2&#8243; nadzemn\u00fd \u00faderov\u00fd rozstrekova\u010d, v\u00fdse\u010dov\u00fd i kruhov\u00fd pre pripojenie na 1\/2&#8243; vonkaj\u0161\u00ed z\u00e1vit, dostrek do priemeru 24 m, spotreba vody 3,79 &#8211; 22,71 l\/min pri tlaku 0,68-6,98 bar, kovov\u00e9 prevedenie<\/p>\n","protected":false},"featured_media":1469,"template":"","meta":{"spay_email":""},"product_cat":[25,48],"product_tag":[],"_links":{"self":[{"href":"https:\/\/orbit-zavlahy.sk\/obchod\/wp-json\/wp\/v2\/product\/2352"}],"collection":[{"href":"https:\/\/orbit-zavlahy.sk\/obchod\/wp-json\/wp\/v2\/product"}],"about":[{"href":"https:\/\/orbit-zavlahy.sk\/obchod\/wp-json\/wp\/v2\/types\/product"}],"wp:featuredmedia":[{"embeddable":true,"href":"https:\/\/orbit-zavlahy.sk\/obchod\/wp-json\/wp\/v2\/media\/1469"}],"wp:attachment":[{"href":"https:\/\/orbit-zavlahy.sk\/obchod\/wp-json\/wp\/v2\/media?parent=2352"}],"wp:term":[{"taxonomy":"product_cat","embeddable":true,"href":"https:\/\/orbit-zavlahy.sk\/obchod\/wp-json\/wp\/v2\/product_cat?post=2352"},{"taxonomy":"product_tag","embeddable":true,"href":"https:\/\/orbit-zavlahy.sk\/obchod\/wp-json\/wp\/v2\/product_tag?post=2352"}],"curies":[{"name":"wp","href":"https:\/\/api.w.org\/{rel}","templated":true}]}}