{"id":2350,"date":"2020-11-14T15:48:00","date_gmt":"2020-11-14T14:48:00","guid":{"rendered":"https:\/\/orbit-zavlahy.sk\/eshop\/?post_type=product&#038;p=2350"},"modified":"2021-02-24T12:00:21","modified_gmt":"2021-02-24T11:00:21","slug":"1-2-nadzemny-uderovy-rozstrekovac-plastovy-do-24-m","status":"publish","type":"product","link":"https:\/\/orbit-zavlahy.sk\/obchod\/product\/1-2-nadzemny-uderovy-rozstrekovac-plastovy-do-24-m\/","title":{"rendered":"1\/2&#8243; nadzemn\u00fd \u00faderov\u00fd rozstrekova\u010d plastov\u00fd (do priemeru 24 m)"},"content":{"rendered":"<p>Na stiahnutie &#8211; Manu\u00e1l: <a href=\"https:\/\/orbit-zavlahy.sk\/PDF\/1.2-nadzemny-uderovy-rozstrekovac-dostrek-az-14-m.pdf\">\u00daderov\u00fd rozstrekova\u010d 1\/2&#8243; plastov\u00fd<\/a><\/p>\n","protected":false},"excerpt":{"rendered":"<p>1\/2&#8243; nadzemn\u00fd \u00faderov\u00fd rozstrekova\u010d plastov\u00fd, v\u00fdse\u010dov\u00fd i kruhov\u00fd pre pripojenie na 1\/2&#8243; vonkaj\u0161\u00ed z\u00e1vit, dostrek do priemeru 24 m, spotreba vody 3,79 &#8211; 22,71 l\/min pri tlaku 0,68-6,98 bar.<\/p>\n","protected":false},"featured_media":1468,"template":"","meta":{"spay_email":""},"product_cat":[25,48],"product_tag":[],"_links":{"self":[{"href":"https:\/\/orbit-zavlahy.sk\/obchod\/wp-json\/wp\/v2\/product\/2350"}],"collection":[{"href":"https:\/\/orbit-zavlahy.sk\/obchod\/wp-json\/wp\/v2\/product"}],"about":[{"href":"https:\/\/orbit-zavlahy.sk\/obchod\/wp-json\/wp\/v2\/types\/product"}],"wp:featuredmedia":[{"embeddable":true,"href":"https:\/\/orbit-zavlahy.sk\/obchod\/wp-json\/wp\/v2\/media\/1468"}],"wp:attachment":[{"href":"https:\/\/orbit-zavlahy.sk\/obchod\/wp-json\/wp\/v2\/media?parent=2350"}],"wp:term":[{"taxonomy":"product_cat","embeddable":true,"href":"https:\/\/orbit-zavlahy.sk\/obchod\/wp-json\/wp\/v2\/product_cat?post=2350"},{"taxonomy":"product_tag","embeddable":true,"href":"https:\/\/orbit-zavlahy.sk\/obchod\/wp-json\/wp\/v2\/product_tag?post=2350"}],"curies":[{"name":"wp","href":"https:\/\/api.w.org\/{rel}","templated":true}]}}