{"id":2346,"date":"2020-11-14T15:42:36","date_gmt":"2020-11-14T14:42:36","guid":{"rendered":"https:\/\/orbit-zavlahy.sk\/eshop\/?post_type=product&#038;p=2346"},"modified":"2021-07-23T11:06:25","modified_gmt":"2021-07-23T09:06:25","slug":"satellite-vysuvny-uderovy-rozstrekovac","status":"publish","type":"product","link":"https:\/\/orbit-zavlahy.sk\/obchod\/product\/satellite-vysuvny-uderovy-rozstrekovac\/","title":{"rendered":"Satellite &#8211; v\u00fdsuvn\u00fd \u00faderov\u00fd rozstrekova\u010d"},"content":{"rendered":"<p>Na stiahnutie &#8211; N\u00c1VOD &#8211; <a href=\"https:\/\/orbit-zavlahy.sk\/obchod\/wp-content\/uploads\/2020\/11\/Vysuvny-uderovy-rozstrekovac-Satellite.pdf\">Satellite &#8211; v\u00fdsuvn\u00fd \u00faderov\u00fd rozstrekova\u010d<\/a><\/p>\n","protected":false},"excerpt":{"rendered":"<p>Satellite &#8211; v\u00fdsuvn\u00fd \u00faderov\u00fd rozstrekova\u010d. Plastov\u00e9 prevedenie, v\u00fdse\u010dov\u00fd i kruhov\u00fd, mo\u017enos\u0165 pripojenia 3\/4&#8243; i 1\/2&#8243; do vn\u00fatorn\u00e9ho z\u00e1vitu; dostrek a\u017e 14 m, spotreba vody 11-20 l\/min pri tlaku 2,5 &#8211; 4 baru; tryska 3,5 mm a 3,9 mm s\u00fa\u010das\u0165ou dod\u00e1vky.<\/p>\n","protected":false},"featured_media":1467,"template":"","meta":{"spay_email":""},"product_cat":[25,48],"product_tag":[],"_links":{"self":[{"href":"https:\/\/orbit-zavlahy.sk\/obchod\/wp-json\/wp\/v2\/product\/2346"}],"collection":[{"href":"https:\/\/orbit-zavlahy.sk\/obchod\/wp-json\/wp\/v2\/product"}],"about":[{"href":"https:\/\/orbit-zavlahy.sk\/obchod\/wp-json\/wp\/v2\/types\/product"}],"wp:featuredmedia":[{"embeddable":true,"href":"https:\/\/orbit-zavlahy.sk\/obchod\/wp-json\/wp\/v2\/media\/1467"}],"wp:attachment":[{"href":"https:\/\/orbit-zavlahy.sk\/obchod\/wp-json\/wp\/v2\/media?parent=2346"}],"wp:term":[{"taxonomy":"product_cat","embeddable":true,"href":"https:\/\/orbit-zavlahy.sk\/obchod\/wp-json\/wp\/v2\/product_cat?post=2346"},{"taxonomy":"product_tag","embeddable":true,"href":"https:\/\/orbit-zavlahy.sk\/obchod\/wp-json\/wp\/v2\/product_tag?post=2346"}],"curies":[{"name":"wp","href":"https:\/\/api.w.org\/{rel}","templated":true}]}}