{"id":2342,"date":"2020-11-14T15:37:14","date_gmt":"2020-11-14T14:37:14","guid":{"rendered":"https:\/\/orbit-zavlahy.sk\/eshop\/?post_type=product&#038;p=2342"},"modified":"2020-12-17T11:15:41","modified_gmt":"2020-12-17T10:15:41","slug":"frekvency-menic-archimede-immp-11-w-230-v-11-kw","status":"publish","type":"product","link":"https:\/\/orbit-zavlahy.sk\/obchod\/product\/frekvency-menic-archimede-immp-11-w-230-v-11-kw\/","title":{"rendered":"Frekven\u010dy meni\u010d Archimede IMMP; 1,1 W; 230 V; 1,1 kW"},"content":{"rendered":"","protected":false},"excerpt":{"rendered":"<p>Frekven\u010dn\u00fd meni\u010d ARCHIMEDE je univerz\u00e1lne zariadenie ur\u010den\u00e9 pre odstrediv\u00e9 \u010derpadl\u00e1. Je schopn\u00e9 regulova\u0165 v\u00fdkon \u010derpadla a udr\u017eova\u0165 kon\u0161tantn\u00fd tlak v syst\u00e9me. Z\u00e1rove\u0148 V\u00e1\u0161mu \u010derpadlu poskytuje kompletn\u00fa motorov\u00fa ochranu a ochranu proti behu na sucho.<\/p>\n","protected":false},"featured_media":2347,"template":"","meta":{"spay_email":""},"product_cat":[30,68],"product_tag":[81],"_links":{"self":[{"href":"https:\/\/orbit-zavlahy.sk\/obchod\/wp-json\/wp\/v2\/product\/2342"}],"collection":[{"href":"https:\/\/orbit-zavlahy.sk\/obchod\/wp-json\/wp\/v2\/product"}],"about":[{"href":"https:\/\/orbit-zavlahy.sk\/obchod\/wp-json\/wp\/v2\/types\/product"}],"wp:featuredmedia":[{"embeddable":true,"href":"https:\/\/orbit-zavlahy.sk\/obchod\/wp-json\/wp\/v2\/media\/2347"}],"wp:attachment":[{"href":"https:\/\/orbit-zavlahy.sk\/obchod\/wp-json\/wp\/v2\/media?parent=2342"}],"wp:term":[{"taxonomy":"product_cat","embeddable":true,"href":"https:\/\/orbit-zavlahy.sk\/obchod\/wp-json\/wp\/v2\/product_cat?post=2342"},{"taxonomy":"product_tag","embeddable":true,"href":"https:\/\/orbit-zavlahy.sk\/obchod\/wp-json\/wp\/v2\/product_tag?post=2342"}],"curies":[{"name":"wp","href":"https:\/\/api.w.org\/{rel}","templated":true}]}}