{"id":2340,"date":"2020-11-14T15:35:55","date_gmt":"2020-11-14T14:35:55","guid":{"rendered":"https:\/\/orbit-zavlahy.sk\/eshop\/?post_type=product&#038;p=2340"},"modified":"2020-12-03T16:32:50","modified_gmt":"2020-12-03T15:32:50","slug":"silonove-zavesne-lano-na-cerpadlo-bm","status":"publish","type":"product","link":"https:\/\/orbit-zavlahy.sk\/obchod\/product\/silonove-zavesne-lano-na-cerpadlo-bm\/","title":{"rendered":"Sil\u00f3nov\u00e9 z\u00e1vesn\u00e9 lano na \u010derpadlo \/ bm"},"content":{"rendered":"","protected":false},"excerpt":{"rendered":"<p>hr\u00fabka 6 mm cena za 1 m<\/p>\n","protected":false},"featured_media":2341,"template":"","meta":{"spay_email":""},"product_cat":[30,68],"product_tag":[81],"_links":{"self":[{"href":"https:\/\/orbit-zavlahy.sk\/obchod\/wp-json\/wp\/v2\/product\/2340"}],"collection":[{"href":"https:\/\/orbit-zavlahy.sk\/obchod\/wp-json\/wp\/v2\/product"}],"about":[{"href":"https:\/\/orbit-zavlahy.sk\/obchod\/wp-json\/wp\/v2\/types\/product"}],"wp:featuredmedia":[{"embeddable":true,"href":"https:\/\/orbit-zavlahy.sk\/obchod\/wp-json\/wp\/v2\/media\/2341"}],"wp:attachment":[{"href":"https:\/\/orbit-zavlahy.sk\/obchod\/wp-json\/wp\/v2\/media?parent=2340"}],"wp:term":[{"taxonomy":"product_cat","embeddable":true,"href":"https:\/\/orbit-zavlahy.sk\/obchod\/wp-json\/wp\/v2\/product_cat?post=2340"},{"taxonomy":"product_tag","embeddable":true,"href":"https:\/\/orbit-zavlahy.sk\/obchod\/wp-json\/wp\/v2\/product_tag?post=2340"}],"curies":[{"name":"wp","href":"https:\/\/api.w.org\/{rel}","templated":true}]}}