{"id":2336,"date":"2020-11-14T15:33:36","date_gmt":"2020-11-14T14:33:36","guid":{"rendered":"https:\/\/orbit-zavlahy.sk\/eshop\/?post_type=product&#038;p=2336"},"modified":"2024-07-16T20:09:22","modified_gmt":"2024-07-16T18:09:22","slug":"mosadzna-spatna-klapka-1-s-mosadznou-zaklopkou-2x-vnutorny-zavit-pn-16","status":"publish","type":"product","link":"https:\/\/orbit-zavlahy.sk\/obchod\/product\/mosadzna-spatna-klapka-1-s-mosadznou-zaklopkou-2x-vnutorny-zavit-pn-16\/","title":{"rendered":"Mosadzn\u00e1 sp\u00e4tn\u00e1 klapka 1&#8243; s mosadznou z\u00e1klopkou, 2x vn\u00fatorn\u00fd z\u00e1vit PN-16"},"content":{"rendered":"","protected":false},"excerpt":{"rendered":"","protected":false},"featured_media":2337,"template":"","meta":{"spay_email":""},"product_cat":[30,68],"product_tag":[],"_links":{"self":[{"href":"https:\/\/orbit-zavlahy.sk\/obchod\/wp-json\/wp\/v2\/product\/2336"}],"collection":[{"href":"https:\/\/orbit-zavlahy.sk\/obchod\/wp-json\/wp\/v2\/product"}],"about":[{"href":"https:\/\/orbit-zavlahy.sk\/obchod\/wp-json\/wp\/v2\/types\/product"}],"wp:featuredmedia":[{"embeddable":true,"href":"https:\/\/orbit-zavlahy.sk\/obchod\/wp-json\/wp\/v2\/media\/2337"}],"wp:attachment":[{"href":"https:\/\/orbit-zavlahy.sk\/obchod\/wp-json\/wp\/v2\/media?parent=2336"}],"wp:term":[{"taxonomy":"product_cat","embeddable":true,"href":"https:\/\/orbit-zavlahy.sk\/obchod\/wp-json\/wp\/v2\/product_cat?post=2336"},{"taxonomy":"product_tag","embeddable":true,"href":"https:\/\/orbit-zavlahy.sk\/obchod\/wp-json\/wp\/v2\/product_tag?post=2336"}],"curies":[{"name":"wp","href":"https:\/\/api.w.org\/{rel}","templated":true}]}}