{"id":2334,"date":"2020-11-14T15:32:38","date_gmt":"2020-11-14T14:32:38","guid":{"rendered":"https:\/\/orbit-zavlahy.sk\/eshop\/?post_type=product&#038;p=2334"},"modified":"2020-11-14T15:50:14","modified_gmt":"2020-11-14T14:50:14","slug":"mosadzna-patcestna-pripojovacia-armatura-92-mm-x-1-pre-vodarnu","status":"publish","type":"product","link":"https:\/\/orbit-zavlahy.sk\/obchod\/product\/mosadzna-patcestna-pripojovacia-armatura-92-mm-x-1-pre-vodarnu\/","title":{"rendered":"Mosadzn\u00e1 p\u00e4\u0165cestn\u00e1 pripojovacia armat\u00fara 92 mm x 1&#8243; pre vod\u00e1r\u0148u"},"content":{"rendered":"","protected":false},"excerpt":{"rendered":"","protected":false},"featured_media":2335,"template":"","meta":{"spay_email":""},"product_cat":[30,68],"product_tag":[],"_links":{"self":[{"href":"https:\/\/orbit-zavlahy.sk\/obchod\/wp-json\/wp\/v2\/product\/2334"}],"collection":[{"href":"https:\/\/orbit-zavlahy.sk\/obchod\/wp-json\/wp\/v2\/product"}],"about":[{"href":"https:\/\/orbit-zavlahy.sk\/obchod\/wp-json\/wp\/v2\/types\/product"}],"wp:featuredmedia":[{"embeddable":true,"href":"https:\/\/orbit-zavlahy.sk\/obchod\/wp-json\/wp\/v2\/media\/2335"}],"wp:attachment":[{"href":"https:\/\/orbit-zavlahy.sk\/obchod\/wp-json\/wp\/v2\/media?parent=2334"}],"wp:term":[{"taxonomy":"product_cat","embeddable":true,"href":"https:\/\/orbit-zavlahy.sk\/obchod\/wp-json\/wp\/v2\/product_cat?post=2334"},{"taxonomy":"product_tag","embeddable":true,"href":"https:\/\/orbit-zavlahy.sk\/obchod\/wp-json\/wp\/v2\/product_tag?post=2334"}],"curies":[{"name":"wp","href":"https:\/\/api.w.org\/{rel}","templated":true}]}}