{"id":2332,"date":"2020-11-14T15:31:25","date_gmt":"2020-11-14T14:31:25","guid":{"rendered":"https:\/\/orbit-zavlahy.sk\/eshop\/?post_type=product&#038;p=2332"},"modified":"2020-11-14T15:49:32","modified_gmt":"2020-11-14T14:49:32","slug":"mosadzne-predlzenie-k-patcestnej-armature-1-4","status":"publish","type":"product","link":"https:\/\/orbit-zavlahy.sk\/obchod\/product\/mosadzne-predlzenie-k-patcestnej-armature-1-4\/","title":{"rendered":"Mosadzn\u00e9 pred\u013a\u017eenie k p\u00e4\u0165cestnej armat\u00fare 1\/4&#8243;"},"content":{"rendered":"","protected":false},"excerpt":{"rendered":"","protected":false},"featured_media":2333,"template":"","meta":{"spay_email":""},"product_cat":[30,68],"product_tag":[],"_links":{"self":[{"href":"https:\/\/orbit-zavlahy.sk\/obchod\/wp-json\/wp\/v2\/product\/2332"}],"collection":[{"href":"https:\/\/orbit-zavlahy.sk\/obchod\/wp-json\/wp\/v2\/product"}],"about":[{"href":"https:\/\/orbit-zavlahy.sk\/obchod\/wp-json\/wp\/v2\/types\/product"}],"wp:featuredmedia":[{"embeddable":true,"href":"https:\/\/orbit-zavlahy.sk\/obchod\/wp-json\/wp\/v2\/media\/2333"}],"wp:attachment":[{"href":"https:\/\/orbit-zavlahy.sk\/obchod\/wp-json\/wp\/v2\/media?parent=2332"}],"wp:term":[{"taxonomy":"product_cat","embeddable":true,"href":"https:\/\/orbit-zavlahy.sk\/obchod\/wp-json\/wp\/v2\/product_cat?post=2332"},{"taxonomy":"product_tag","embeddable":true,"href":"https:\/\/orbit-zavlahy.sk\/obchod\/wp-json\/wp\/v2\/product_tag?post=2332"}],"curies":[{"name":"wp","href":"https:\/\/api.w.org\/{rel}","templated":true}]}}