{"id":2311,"date":"2020-11-14T15:11:15","date_gmt":"2020-11-14T14:11:15","guid":{"rendered":"https:\/\/orbit-zavlahy.sk\/eshop\/?post_type=product&#038;p=2311"},"modified":"2020-11-14T15:22:46","modified_gmt":"2020-11-14T14:22:46","slug":"tlakova-nadrz-horizontalna-40-litrova-1","status":"publish","type":"product","link":"https:\/\/orbit-zavlahy.sk\/obchod\/product\/tlakova-nadrz-horizontalna-40-litrova-1\/","title":{"rendered":"Tlakov\u00e1 n\u00e1dr\u017e horizont\u00e1lna 40-50L 1&#8243;"},"content":{"rendered":"","protected":false},"excerpt":{"rendered":"","protected":false},"featured_media":2314,"template":"","meta":{"spay_email":""},"product_cat":[30,68],"product_tag":[],"_links":{"self":[{"href":"https:\/\/orbit-zavlahy.sk\/obchod\/wp-json\/wp\/v2\/product\/2311"}],"collection":[{"href":"https:\/\/orbit-zavlahy.sk\/obchod\/wp-json\/wp\/v2\/product"}],"about":[{"href":"https:\/\/orbit-zavlahy.sk\/obchod\/wp-json\/wp\/v2\/types\/product"}],"wp:featuredmedia":[{"embeddable":true,"href":"https:\/\/orbit-zavlahy.sk\/obchod\/wp-json\/wp\/v2\/media\/2314"}],"wp:attachment":[{"href":"https:\/\/orbit-zavlahy.sk\/obchod\/wp-json\/wp\/v2\/media?parent=2311"}],"wp:term":[{"taxonomy":"product_cat","embeddable":true,"href":"https:\/\/orbit-zavlahy.sk\/obchod\/wp-json\/wp\/v2\/product_cat?post=2311"},{"taxonomy":"product_tag","embeddable":true,"href":"https:\/\/orbit-zavlahy.sk\/obchod\/wp-json\/wp\/v2\/product_tag?post=2311"}],"curies":[{"name":"wp","href":"https:\/\/api.w.org\/{rel}","templated":true}]}}