{"id":2307,"date":"2020-11-14T14:34:40","date_gmt":"2020-11-14T13:34:40","guid":{"rendered":"https:\/\/orbit-zavlahy.sk\/eshop\/?post_type=product&#038;p=2307"},"modified":"2020-11-17T16:07:20","modified_gmt":"2020-11-17T15:07:20","slug":"acuafluss-60","status":"publish","type":"product","link":"https:\/\/orbit-zavlahy.sk\/obchod\/product\/acuafluss-60\/","title":{"rendered":"ACUAFLUSS 60"},"content":{"rendered":"<p>ACUAFLUSS 60, 0,75KW, 230V, 20M K\u00c1BLA<\/p>\n<p>Na stiahnutie: <a href=\"https:\/\/orbit-zavlahy.sk\/PDF\/navod-acuafluss-aqm.pdf\">N\u00e1vod na mont\u00e1\u017e ponorn\u00e9ho \u010derpadla ACUAFLUSS<\/a><\/p>\n","protected":false},"excerpt":{"rendered":"<p>\u010cerpadlo ACUAFLUSS 60 sa naj\u010dastej\u0161ie pou\u017eiva na \u010derpanie vody z kopan\u00fdch studn\u00ed, zo zbern\u00fdch n\u00e1dr\u017e\u00ed a z baz\u00e9nov. V \u010derpadle je zabudovan\u00e1 automatika a sp\u00e4tn\u00e9 ventily. \u010cerpadlo sa automaticky zap\u00edna pri poklese tlaku v syst\u00e9me na 2,5 bar a vyp\u00edna sa pri poklese prietoku pod 1,5l\/min.<\/p>\n<p>Automatika umiestnen\u00e1 priamo v \u010derpadle chr\u00e1ni \u010derpadlo proti behu na sucho. V pr\u00edpade vynorenia \u010derpadla nad vodn\u00fa hladinu sa automaticky vypne za cca 10 sek\u00fand a po ur\u010ditej dobe sa automaticky zapne.<\/p>\n<p>Spojka, hriade\u013e, skrutky, sacie sito a vonkaj\u0161\u00ed pl\u00e1\u0161\u0165 \u010derpadla s\u00fa vyroben\u00e9 z antikor\u00f3znej ocele.<\/p>\n<p>Obe\u017en\u00e9 koles\u00e1 a dif\u00fazory s\u00fa vyroben\u00e9 z oteruvzdorn\u00fdch plastov.<\/p>\n<p>&#8211; maxim\u00e1lna teplota \u010derpanej kvapaliny 35 C<\/p>\n<p>&#8211; maxim\u00e1lne mno\u017estvo piesku vo vode do 40 g\/m3<\/p>\n<p>&#8211; d\u013a\u017eka k\u00e1bla 20m, ukon\u010den\u00fd z\u00e1str\u010dkou<\/p>\n<p>&#8211; max. ponor \u010derpadla pod vodnou hladinou je 17m<\/p>\n<p>&#8211; nomin\u00e1lny odber pr\u00fadu 6A<\/p>\n<p>&#8211; zabudovan\u00fd 25uF kondenz\u00e1tor<\/p>\n","protected":false},"featured_media":2308,"template":"","meta":{"spay_email":""},"product_cat":[30,67],"product_tag":[],"_links":{"self":[{"href":"https:\/\/orbit-zavlahy.sk\/obchod\/wp-json\/wp\/v2\/product\/2307"}],"collection":[{"href":"https:\/\/orbit-zavlahy.sk\/obchod\/wp-json\/wp\/v2\/product"}],"about":[{"href":"https:\/\/orbit-zavlahy.sk\/obchod\/wp-json\/wp\/v2\/types\/product"}],"wp:featuredmedia":[{"embeddable":true,"href":"https:\/\/orbit-zavlahy.sk\/obchod\/wp-json\/wp\/v2\/media\/2308"}],"wp:attachment":[{"href":"https:\/\/orbit-zavlahy.sk\/obchod\/wp-json\/wp\/v2\/media?parent=2307"}],"wp:term":[{"taxonomy":"product_cat","embeddable":true,"href":"https:\/\/orbit-zavlahy.sk\/obchod\/wp-json\/wp\/v2\/product_cat?post=2307"},{"taxonomy":"product_tag","embeddable":true,"href":"https:\/\/orbit-zavlahy.sk\/obchod\/wp-json\/wp\/v2\/product_tag?post=2307"}],"curies":[{"name":"wp","href":"https:\/\/api.w.org\/{rel}","templated":true}]}}