{"id":2305,"date":"2020-11-14T14:27:32","date_gmt":"2020-11-14T13:27:32","guid":{"rendered":"https:\/\/orbit-zavlahy.sk\/eshop\/?post_type=product&#038;p=2305"},"modified":"2024-07-16T20:09:23","modified_gmt":"2024-07-16T18:09:23","slug":"aqua-aladino-vn-3-6m","status":"publish","type":"product","link":"https:\/\/orbit-zavlahy.sk\/obchod\/product\/aqua-aladino-vn-3-6m\/","title":{"rendered":"AQUA ALADINO VN 3\/6M"},"content":{"rendered":"<p>PONORN\u00c9 \u010cERPADLO 5&#8243; CELONEREZOV\u00c9 NAUTI VN 3\/6 230V; 0,75KW S 20M K\u00c1BLOM 4GX1 A PLAV\u00c1KOM<\/p>\n","protected":false},"excerpt":{"rendered":"<p>Pracovn\u00e1 oblas\u0165 \u010derpadla: H= 65-21 m, Q= 0-80 l\/min. Monoblokov\u00e9 \u010derpadlo do kopan\u00fdch studn\u00ed a n\u00e1dr\u017e\u00ed.<br \/>\n\u010cerpadl\u00e1 VN s\u00fa ur\u010den\u00e9 do vrtov, obzvl\u00e1\u0161\u0165 do kopan\u00fdch studn\u00ed, n\u00e1dr\u017e\u00ed, baz\u00e9nov i vodojemov (kde by klasick\u00e9 ponorn\u00e9 \u010derpadl\u00e1 u\u017e potrebovali chladiaci pl\u00e1\u0161\u0165) pre dom\u00e1ce ako aj priemyseln\u00e9 pou\u017eitie zavla\u017eovania \u010di postrekovania neagres\u00edvnou, chemicky a mechanicky \u010distou vodou. Elektromotor a \u010derpadlo tvoria jednotn\u00fd celok &#8211; monoblok. Odstrediv\u00e9 \u010derpadl\u00e1 VN maj\u00fa vysok\u00fa \u00fa\u010dinnos\u0165, n\u00edzku energetick\u00fa n\u00e1ro\u010dnos\u0165, s uzatvoren\u00fdmi obe\u017en\u00fdmi kolesami a asynchr\u00f3nnymi, jednof\u00e1zov\u00fdmi \u010di trojf\u00e1zov\u00fdmi motormi. V\u00fdhodou t\u00fdchto \u010derpadiel je, \u017ee \u010derpan\u00e1 kvapalina obtek\u00e1 motor a tak chlad\u00ed statorov\u00fd pl\u00e1\u0161\u0165 elektromotora. Verzie s plav\u00e1kom &#8220;AUT&#8221; maj\u00fa uplatnenie aj tam, kde je n\u00edzka hladina vody alebo hroz\u00ed vy\u010derpanie studne a chod \u010derpadla na sucho. Pri in\u0161tal\u00e1cii do kopanej studne je nutn\u00e9 umiestni\u0165 toto \u010derpadlo aspo\u0148 0,5m od dna, aby nenas\u00e1valo sedimenty z dna, ked\u017ee sanie m\u00e1 na spodnej \u010dasti.<\/p>\n<ul>\n<li>priemer \u010derpadla 129mm<\/li>\n<li>prevedenie 230V, 50Hz s kondenz\u00e1torovou skrinkou<\/li>\n<li>d\u013a\u017eka k\u00e1bla 20m, ukon\u010den\u00fd z\u00e1str\u010dkou<\/li>\n<li>maxim\u00e1lna teplota \u010derpanej vody do 40\u00b0C<\/li>\n<li>maxim\u00e1lne mno\u017estvo mechanick\u00fdch ne\u010dist\u00f4t v \u010derpanej kvapaline do 50g\/m<sup>3<\/sup><\/li>\n<li>maxim\u00e1lna h\u013abka ponoru 20m<\/li>\n<li>pracovn\u00e1 poloha vertik\u00e1lna, horizont\u00e1lnu konzultova\u0165<\/li>\n<li>maxim\u00e1lny po\u010det zapnut\u00ed 20x za hodinu<\/li>\n<\/ul>\n","protected":false},"featured_media":2306,"template":"","meta":{"spay_email":""},"product_cat":[30,67],"product_tag":[],"_links":{"self":[{"href":"https:\/\/orbit-zavlahy.sk\/obchod\/wp-json\/wp\/v2\/product\/2305"}],"collection":[{"href":"https:\/\/orbit-zavlahy.sk\/obchod\/wp-json\/wp\/v2\/product"}],"about":[{"href":"https:\/\/orbit-zavlahy.sk\/obchod\/wp-json\/wp\/v2\/types\/product"}],"wp:featuredmedia":[{"embeddable":true,"href":"https:\/\/orbit-zavlahy.sk\/obchod\/wp-json\/wp\/v2\/media\/2306"}],"wp:attachment":[{"href":"https:\/\/orbit-zavlahy.sk\/obchod\/wp-json\/wp\/v2\/media?parent=2305"}],"wp:term":[{"taxonomy":"product_cat","embeddable":true,"href":"https:\/\/orbit-zavlahy.sk\/obchod\/wp-json\/wp\/v2\/product_cat?post=2305"},{"taxonomy":"product_tag","embeddable":true,"href":"https:\/\/orbit-zavlahy.sk\/obchod\/wp-json\/wp\/v2\/product_tag?post=2305"}],"curies":[{"name":"wp","href":"https:\/\/api.w.org\/{rel}","templated":true}]}}