{"id":2303,"date":"2020-11-14T14:23:49","date_gmt":"2020-11-14T13:23:49","guid":{"rendered":"https:\/\/orbit-zavlahy.sk\/eshop\/?post_type=product&#038;p=2303"},"modified":"2025-01-13T06:34:36","modified_gmt":"2025-01-13T05:34:36","slug":"stairs-st-1311","status":"publish","type":"product","link":"https:\/\/orbit-zavlahy.sk\/obchod\/product\/stairs-st-1311\/","title":{"rendered":"STAIRS ST-1311"},"content":{"rendered":"<p>PONORN\u00c9 \u010cERPADLO 4&#8243; ST-1311 STAIRS 230V; 0,75KW S 20M K\u00c1BLOM 4GX1,5<\/p>\n","protected":false},"excerpt":{"rendered":"<div>Pracovn\u00e1 oblas\u0165 \u010derpadla: H= 68-26 m, Q= 20-70 l\/min. Do vrtov od\u00a0\u00d8110 mm a viac.<\/div>\n<div>Ponorn\u00e9 \u010derpadlo s\u00a0<strong>pl\u00e1vaj\u00facimi obe\u017en\u00fdmi kolesami<\/strong>\u00a0z Norylu (plast) ur\u010den\u00e9 do vrtov, studn\u00ed, n\u00e1dr\u017e\u00ed, vodojemov i zbern\u00fdch \u0161\u00e1cht je vhodn\u00e1 na zvy\u0161ovanie tlaku pri zabudovan\u00ed do rozvodn\u00e9ho potrubia, \u010falej pre dom\u00e1ce ako aj priemyseln\u00e9 pou\u017eitie zavla\u017eovania \u010di postrekovania neagres\u00edvnou, chemicky a mechanicky \u010distou vodou. Pri in\u0161tal\u00e1cii do vodojemov, kopan\u00fdch studn\u00ed a otvoren\u00fdch n\u00e1dob je nutn\u00e9 pou\u017ei\u0165 chladiaci pl\u00e1\u0161\u0165. Taktie\u017e s\u00fa vhodn\u00e9 pre mal\u00e9 a stredn\u00e9 protipo\u017eiarne stanice. Vodotesnos\u0165 motora zabezpe\u010duj\u00fa kvalitn\u00e9 tesniace elementy a klzn\u00e9 tesnenie. Klzn\u00e9 dvojice tesnesn\u00ed s\u00fa mazan\u00e9 olejovou n\u00e1pl\u0148ou motora. Tak\u00e1to kon\u0161trukcia zaru\u010duje dlh\u00fa \u017eivotnos\u0165 tesnenia a bezporuchov\u00fa prev\u00e1dzku motora a \u010derpadla.<\/div>\n<div><\/div>\n<div>\n<div class=\"param_item product_param-type_4 odd sub_group_ param_id_1\"><span class=\"product_param-title\">Zdroj vody<\/span><span class=\"product_param-separ\">:<\/span><span class=\"product_param-value\"><span class=\"product_param-multi_value\">SV20 = \u0161tandardn\u00fd vrt h\u013abka do 20m<\/span><span class=\"product_param-multi_value last\">SV40 = h\u013abka do 40m<\/span><\/span><\/div>\n<div class=\"param_item product_param-type_3 odd sub_group_ param_id_6 param_val_id_3\"><span class=\"product_param-title\">Sp\u00f4sob pou\u017e\u00edvania<\/span><span class=\"product_param-separ\">:<\/span><span class=\"product_param-value\">B = Celoro\u010dn\u00e9 vyu\u017eitie &#8211; n\u00e1ro\u010dn\u00e1 prev\u00e1dzka<\/span><\/div>\n<div class=\"param_item product_param-type_4 even sub_group_ param_id_4\"><span class=\"product_param-title\">Nap\u00e4tie<\/span><span class=\"product_param-separ\">:<\/span><span class=\"product_param-value\"><span class=\"product_param-multi_value last\">1x230V<\/span><\/span><\/div>\n<div class=\"param_item product_param-type_3 odd sub_group_ param_id_25 param_val_id_2\"><span class=\"product_param-title\">Prevedenie motora<\/span><span class=\"product_param-separ\">:<\/span><span class=\"product_param-value\">STAIRS-celoro\u010dn\u00e9 vyu\u017eitie<\/span><\/div>\n<div class=\"param_item product_param-type_4 even sub_group_ param_id_7\"><span class=\"product_param-title\">Po\u017eadovan\u00fd optim\u00e1lny prietok<\/span><span class=\"product_param-separ\">:<\/span><span class=\"product_param-value\"><span class=\"product_param-multi_value last\">50-55 l\/min<\/span><\/span><\/div>\n<div class=\"param_item product_param-type_4 even sub_group_ param_id_2\"><span class=\"product_param-title\">Dimenzia odpor\u00fa\u010dan\u00fdch rozvodov<\/span><span class=\"product_param-separ\">:<\/span><span class=\"product_param-value\"><span class=\"product_param-multi_value\">Plastov\u00e1 r\u00fara DN32 (1&#8243;) bez obmedzenia (40l\/min)<\/span><span class=\"product_param-multi_value last\">Plastov\u00e1 r\u00fara DN32 (1&#8243;) do d\u013a\u017eky 50m (70l\/min)<\/span><\/span><\/div>\n<div class=\"param_item product_param-type_4 even sub_group_ param_id_5\"><span class=\"product_param-title\">Prevedenie \u010derpadla<\/span><span class=\"product_param-separ\">:<\/span><span class=\"product_param-value\"><span class=\"product_param-multi_value last\">ST-celoro\u010dn\u00e9 vyu\u017eitie<\/span><\/span><\/div>\n<div class=\"param_item product_param-type_4 odd sub_group_ param_id_33\"><span class=\"product_param-title\">V\u00fdkon<\/span><span class=\"product_param-separ\">:<\/span><span class=\"product_param-value\"><span class=\"product_param-multi_value last\">0,75kW<\/span><\/span><\/div>\n<div class=\"param_item product_param-type_4 even sub_group_ param_id_40\"><span class=\"product_param-title\">Sp\u00f4sob pou\u017e\u00edvania<\/span><span class=\"product_param-separ\">:<\/span><span class=\"product_param-value\"><span class=\"product_param-multi_value last\">B<\/span><\/span><\/div>\n<div class=\"param_item product_param-type_0 odd sub_group_ param_id_47\"><span class=\"product_param-title\">Optim\u00e1lny v\u00fdtlak<\/span><span class=\"product_param-separ\">:<\/span><span class=\"product_param-value\">49<\/span><\/div>\n<\/div>\n","protected":false},"featured_media":2304,"template":"","meta":{"spay_email":""},"product_cat":[30,67],"product_tag":[],"_links":{"self":[{"href":"https:\/\/orbit-zavlahy.sk\/obchod\/wp-json\/wp\/v2\/product\/2303"}],"collection":[{"href":"https:\/\/orbit-zavlahy.sk\/obchod\/wp-json\/wp\/v2\/product"}],"about":[{"href":"https:\/\/orbit-zavlahy.sk\/obchod\/wp-json\/wp\/v2\/types\/product"}],"wp:featuredmedia":[{"embeddable":true,"href":"https:\/\/orbit-zavlahy.sk\/obchod\/wp-json\/wp\/v2\/media\/2304"}],"wp:attachment":[{"href":"https:\/\/orbit-zavlahy.sk\/obchod\/wp-json\/wp\/v2\/media?parent=2303"}],"wp:term":[{"taxonomy":"product_cat","embeddable":true,"href":"https:\/\/orbit-zavlahy.sk\/obchod\/wp-json\/wp\/v2\/product_cat?post=2303"},{"taxonomy":"product_tag","embeddable":true,"href":"https:\/\/orbit-zavlahy.sk\/obchod\/wp-json\/wp\/v2\/product_tag?post=2303"}],"curies":[{"name":"wp","href":"https:\/\/api.w.org\/{rel}","templated":true}]}}