{"id":2300,"date":"2020-11-14T14:14:54","date_gmt":"2020-11-14T13:14:54","guid":{"rendered":"https:\/\/orbit-zavlahy.sk\/eshop\/?post_type=product&#038;p=2300"},"modified":"2020-11-14T14:17:24","modified_gmt":"2020-11-14T13:17:24","slug":"dab-19m","status":"publish","type":"product","link":"https:\/\/orbit-zavlahy.sk\/obchod\/product\/dab-19m\/","title":{"rendered":"DAB &#8211; 19M"},"content":{"rendered":"<p>Viacstup\u0148ov\u00e9 \u0161tvorpalcov\u00e9 \u010derpadlo pre vrty a studne &#8211; s control boxom<\/p>\n","protected":false},"excerpt":{"rendered":"<p>Sacie teleso (s integrovan\u00fdm sac\u00edm filtrom), v\u00fdtla\u010dn\u00e9 teleso (so vstavanou sp\u00e4tnou klapkou), obe\u017en\u00e9 koles\u00e1, dif\u00fazory a teles\u00e1 stup\u0148ov s\u00fa z technopolym\u00e9ru. Hriade\u013e a opl\u00e1\u0161tenie \u010derpadla s\u00fa z nerezovej ocele AISI 304, ochrann\u00e1 li\u0161ta k\u00e1bla je z plastick\u00e9ho materi\u00e1lu.<br \/>\nPonorn\u00fd dvojp\u00f3lov\u00fd asynchr\u00f3nny elektromotor m\u00e1 preva\u017en\u00fa v\u00e4\u010d\u0161inu mechanick\u00fdch dielov z nerezovej ocele AISI 304. Rotor je ulo\u017een\u00fd v rozmern\u00fdch radi\u00e1lnych klzn\u00fdch lo\u017eisk\u00e1ch, axi\u00e1lna sila je zachyten\u00e1 robustn\u00fdm samostrediacim p\u00e4tn\u00fdm lo\u017eiskom. mazanie a chladenie radi\u00e1lnych lo\u017e\u00edsk a panvy p\u00e4tn\u00e9ho lo\u017eiska je kvapalinovou n\u00e1pl\u0148ou. Stator je hermeticky uzatvoren\u00fd v nerezovom puzdre naplnenom zmesou inertn\u00fdch plynov na b\u00e1ze arg\u00f3nu.<br \/>\nJednof\u00e1zov\u00e9 vyhotovenie je \u0161tandardne dod\u00e1van\u00e9 s rozbehovou skrinkou obsahuj\u00facou rozbehov\u00fd kondenz\u00e1tor a ru\u010dne resetovate\u013en\u00fa ochranou motora proti pre\u0165a\u017eeniu.<br \/>\nOchranu trojf\u00e1zov\u00e9ho motora zais\u0165uje u\u017e\u00edvate\u013e .<br \/>\n\u010cerpadl\u00e1 sa dod\u00e1vaj\u00fa s 30 m pr\u00edvodn\u00e9ho k\u00e1bla.<br \/>\n\u010cerpan\u00e1 kvapalina: \u010dist\u00e1 bez pevn\u00fdch alebo abraz\u00edvnych l\u00e1tok, chemicky neutr\u00e1lna , vlastnos\u0165ami bl\u00edzka vode<br \/>\nRozsah teploty kvapaliny: od 0 \u00b0C do + 40 \u00b0C<br \/>\nPr\u00edruba motora: NEMA 4\u201d<br \/>\nPo\u010det spusten\u00ed za hodinu: max. 20<br \/>\nStupe\u0148 krytia: IP 58<br \/>\nTrieda izol\u00e1cie: B<br \/>\nMax. mno\u017estvo rozpt\u00fdlen\u00e9ho piesku : 60 g\/m3<br \/>\nV\u00fdtla\u010dn\u00e1 pr\u00edpojka: G 5\/4<\/p>\n","protected":false},"featured_media":2298,"template":"","meta":{"spay_email":""},"product_cat":[30,67],"product_tag":[],"_links":{"self":[{"href":"https:\/\/orbit-zavlahy.sk\/obchod\/wp-json\/wp\/v2\/product\/2300"}],"collection":[{"href":"https:\/\/orbit-zavlahy.sk\/obchod\/wp-json\/wp\/v2\/product"}],"about":[{"href":"https:\/\/orbit-zavlahy.sk\/obchod\/wp-json\/wp\/v2\/types\/product"}],"wp:featuredmedia":[{"embeddable":true,"href":"https:\/\/orbit-zavlahy.sk\/obchod\/wp-json\/wp\/v2\/media\/2298"}],"wp:attachment":[{"href":"https:\/\/orbit-zavlahy.sk\/obchod\/wp-json\/wp\/v2\/media?parent=2300"}],"wp:term":[{"taxonomy":"product_cat","embeddable":true,"href":"https:\/\/orbit-zavlahy.sk\/obchod\/wp-json\/wp\/v2\/product_cat?post=2300"},{"taxonomy":"product_tag","embeddable":true,"href":"https:\/\/orbit-zavlahy.sk\/obchod\/wp-json\/wp\/v2\/product_tag?post=2300"}],"curies":[{"name":"wp","href":"https:\/\/api.w.org\/{rel}","templated":true}]}}