{"id":2292,"date":"2020-11-14T13:42:38","date_gmt":"2020-11-14T12:42:38","guid":{"rendered":"https:\/\/orbit-zavlahy.sk\/eshop\/?post_type=product&#038;p=2292"},"modified":"2024-07-16T20:09:24","modified_gmt":"2024-07-16T18:09:24","slug":"aquajet-132-m","status":"publish","type":"product","link":"https:\/\/orbit-zavlahy.sk\/obchod\/product\/aquajet-132-m\/","title":{"rendered":"AQUAJET 132 M"},"content":{"rendered":"<p>AQUAJET 132 M &#8211; Samostatn\u00e9, plne automatick\u00e9 dom\u00e1ce vod\u00e1rne s \u010derpadlami JET a expanzn\u00fdmi n\u00e1dr\u017eami s butylov\u00fdmi vakmi certifikovan\u00fdmi na pitn\u00fa vodu.<br \/>\nVhodn\u00e9 pre dod\u00e1vku vody do dom\u00e1cnost\u00ed, zavla\u017eovanie a z\u00e1hradn\u00edctvo.<\/p>\n","protected":false},"excerpt":{"rendered":"<p>Jednof\u00e1zov\u00e1 dom\u00e1ca vod\u00e1re\u0148 AQUAJET 132 M so samonas\u00e1vac\u00edmi \u010derpadlami JET 132 M s horizont\u00e1lnou n\u00e1dr\u017eou s pry\u017eov\u00fdm vakom, tlakov\u00fdm sp\u00edna\u010dom a manometrom. Dod\u00e1vaj\u00fa sa s r\u00f4znymi ve\u013ekos\u0165ami n\u00e1dr\u017e\u00ed. \u010cerpadlo je s n\u00e1dr\u017eou pekne spojen\u00e9, hydraulick\u00e9 prepojenie \u010derpadla s n\u00e1dr\u017eou je flexibiln\u00e9.<\/p>\n<div>\n<ul>\n<li>Jednof\u00e1zov\u00fd uzavret\u00fd asynchr\u00f3nny motor chladen\u00fd vonkaj\u0161ie ventil\u00e1ciou<\/li>\n<li>Vhodn\u00e9 pre z\u00e1sobovanie domov, v\u00edl, ch\u00e1t, chal\u00fap<\/li>\n<li>Tepeln\u00e1 ochrana motora a kondenz\u00e1tor vstavan\u00e9<\/li>\n<li>Stupe\u0148 krytia motora: IP 44<\/li>\n<li>Stupe\u0148 krytia svorkovnice: IP 55<\/li>\n<li>Trieda izol\u00e1cie: F<\/li>\n<li>Vyroben\u00e9 pod\u013ea noriem CEI 2-3 a 61-69 (EN 60335-2-41)<\/li>\n<li>Rozsah teploty kvapaliny: od 0 \u00b0 C do + 35 \u00b0 C (pre dom\u00e1ce pou\u017eitie EN 60335-2-41), od 0 \u00b0 C do + 40 \u00b0 C (pre ostatn\u00e9 pou\u017eitie)<\/li>\n<li>Max. teplota okolia: + 40 \u00b0 C<\/li>\n<li>Max. pracovn\u00fd tlak: 8 bar (800 kPA)<\/li>\n<li>N\u00e1dr\u017ee s pru\u017en\u00fdm vakom<\/li>\n<li>Q max: 4,8 m3<\/li>\n<li>H max: 48 m<\/li>\n<li>Celkov\u00e1 sacia v\u00fd\u0161ka \u010derpadl\u00e1 je 8 metrov<\/li>\n<\/ul>\n<\/div>\n","protected":false},"featured_media":2287,"template":"","meta":{"spay_email":""},"product_cat":[66,30],"product_tag":[81],"_links":{"self":[{"href":"https:\/\/orbit-zavlahy.sk\/obchod\/wp-json\/wp\/v2\/product\/2292"}],"collection":[{"href":"https:\/\/orbit-zavlahy.sk\/obchod\/wp-json\/wp\/v2\/product"}],"about":[{"href":"https:\/\/orbit-zavlahy.sk\/obchod\/wp-json\/wp\/v2\/types\/product"}],"wp:featuredmedia":[{"embeddable":true,"href":"https:\/\/orbit-zavlahy.sk\/obchod\/wp-json\/wp\/v2\/media\/2287"}],"wp:attachment":[{"href":"https:\/\/orbit-zavlahy.sk\/obchod\/wp-json\/wp\/v2\/media?parent=2292"}],"wp:term":[{"taxonomy":"product_cat","embeddable":true,"href":"https:\/\/orbit-zavlahy.sk\/obchod\/wp-json\/wp\/v2\/product_cat?post=2292"},{"taxonomy":"product_tag","embeddable":true,"href":"https:\/\/orbit-zavlahy.sk\/obchod\/wp-json\/wp\/v2\/product_tag?post=2292"}],"curies":[{"name":"wp","href":"https:\/\/api.w.org\/{rel}","templated":true}]}}