{"id":2268,"date":"2020-11-14T11:22:09","date_gmt":"2020-11-14T10:22:09","guid":{"rendered":"https:\/\/orbit-zavlahy.sk\/eshop\/?post_type=product&#038;p=2268"},"modified":"2020-11-14T11:30:26","modified_gmt":"2020-11-14T10:30:26","slug":"jetinox-82-t","status":"publish","type":"product","link":"https:\/\/orbit-zavlahy.sk\/obchod\/product\/jetinox-82-t\/","title":{"rendered":"JETINOX 82 T"},"content":{"rendered":"<p>JETINOX 82 T &#8211; samonas\u00e1vacie \u010derpadlo. Teleso \u010derpadla z nerezu<\/p>\n","protected":false},"excerpt":{"rendered":"<ul>\n<li>\u010cerpadl\u00e1 typu JET so vstavan\u00fdm ejektorom a jedn\u00fdm multifunk\u010dn\u00fdm obe\u017en\u00fdm kolesom<\/li>\n<li>Uzatvoren\u00fd asynchr\u00f3nny motor chladen\u00fd vonkaj\u0161ou ventil\u00e1ciou<\/li>\n<li>Vstavan\u00e1 tepeln\u00e1 ochrana a kondenz\u00e1tor pri jednof\u00e1zovej verzii<\/li>\n<li>Pre trojf\u00e1zov\u00e9 motory je nutn\u00e9 pou\u017ei\u0165 vhodn\u00fa ochranu motora proti pre\u0165a\u017eeniu<\/li>\n<li>Stupe\u0148 krytia:\u00a0IP44<\/li>\n<li>Trieda izol\u00e1cie:\u00a0F<\/li>\n<li>Stupe\u0148 krytia svorkovnice:\u00a0IP 55 pre jednof\u00e1zov\u00fa verziu<\/li>\n<li>Vyroben\u00e9 pod\u013ea normy\u00a0CEI 2-3 a CEI 61- 69 ( EN 60335-2-41)<\/li>\n<li>Rozsah teploty kvapaliny:<br \/>\nod 0 \u00b0C do + 35 \u00b0C (EN 60335 -2 \u2013 41 pre dom\u00e1ce pou\u017eitie)<br \/>\nod 0 \u00b0C do + 40 \u00b0C (pre ostatn\u00e9 pou\u017eitie)<\/li>\n<li>\u010cerpan\u00e1 kvapalina:\u00a0\u010dist\u00e1, bez pevn\u00fdch a abraz\u00edvnych l\u00e1tok, neagres\u00edvna, nevisk\u00f3zna, nekry\u0161talizuj\u00faca, chemicky neutr\u00e1lna, vlastnos\u0165ami bl\u00edzka vode<\/li>\n<li>Maxim\u00e1lny pracovn\u00fd tlak:\u00a0JETINOX 8 bar (800 kPa)<\/li>\n<li>Maxim\u00e1lny prietok: 60l\/min<\/li>\n<li>Maxim\u00e1lny v\u00fdtlak: 47m<\/li>\n<li>Nap\u00e4tie: 230-400V<\/li>\n<li>Pripojenie sanie\/v\u00fdtlak:\u00a0G1&#8243; \/ G1&#8243;<\/li>\n<\/ul>\n","protected":false},"featured_media":2267,"template":"","meta":{"spay_email":""},"product_cat":[30,65],"product_tag":[],"_links":{"self":[{"href":"https:\/\/orbit-zavlahy.sk\/obchod\/wp-json\/wp\/v2\/product\/2268"}],"collection":[{"href":"https:\/\/orbit-zavlahy.sk\/obchod\/wp-json\/wp\/v2\/product"}],"about":[{"href":"https:\/\/orbit-zavlahy.sk\/obchod\/wp-json\/wp\/v2\/types\/product"}],"wp:featuredmedia":[{"embeddable":true,"href":"https:\/\/orbit-zavlahy.sk\/obchod\/wp-json\/wp\/v2\/media\/2267"}],"wp:attachment":[{"href":"https:\/\/orbit-zavlahy.sk\/obchod\/wp-json\/wp\/v2\/media?parent=2268"}],"wp:term":[{"taxonomy":"product_cat","embeddable":true,"href":"https:\/\/orbit-zavlahy.sk\/obchod\/wp-json\/wp\/v2\/product_cat?post=2268"},{"taxonomy":"product_tag","embeddable":true,"href":"https:\/\/orbit-zavlahy.sk\/obchod\/wp-json\/wp\/v2\/product_tag?post=2268"}],"curies":[{"name":"wp","href":"https:\/\/api.w.org\/{rel}","templated":true}]}}