{"id":2261,"date":"2020-11-14T11:00:34","date_gmt":"2020-11-14T10:00:34","guid":{"rendered":"https:\/\/orbit-zavlahy.sk\/eshop\/?post_type=product&#038;p=2261"},"modified":"2020-11-14T11:06:22","modified_gmt":"2020-11-14T10:06:22","slug":"jet-102-t","status":"publish","type":"product","link":"https:\/\/orbit-zavlahy.sk\/obchod\/product\/jet-102-t\/","title":{"rendered":"JET 102 T"},"content":{"rendered":"<p>JET 102 T &#8211; samonas\u00e1vacie \u010derpadlo, teleso \u010derpadla z liatiny<\/p>\n<div id=\"gtx-trans\" style=\"position: absolute; left: -5px; top: 33px;\">\n<div class=\"gtx-trans-icon\"><\/div>\n<\/div>\n","protected":false},"excerpt":{"rendered":"<p>\u010cerpadl\u00e1 typu JET so vstavan\u00fdm ejektorom a jedn\u00fdm multifunk\u010dn\u00fdm obe\u017en\u00fdm kolesom<\/p>\n<p>Uzatvoren\u00fd asynchr\u00f3nny motor chladen\u00fd vonkaj\u0161ou ventil\u00e1ciou<\/p>\n<p>Vstavan\u00e1 tepeln\u00e1 ochrana a kondenz\u00e1tor pri jednof\u00e1zovej verzii<\/p>\n<p>Pre trojf\u00e1zov\u00e9 motory je nutn\u00e9 pou\u017ei\u0165 vhodn\u00fa ochranu motora proti pre\u0165a\u017eeniu<\/p>\n<ul>\n<li>Stupe\u0148 krytia: IP44<\/li>\n<li>Trieda izol\u00e1cie: F<\/li>\n<li>Stupe\u0148 krytia svorkovnice: IP 55 pre jednof\u00e1zov\u00fa verziu<\/li>\n<\/ul>\n<p>Vyroben\u00e9 pod\u013ea normy CEI 2-3 a CEI 61- 69 ( EN 60335-2-41)<\/p>\n<ul>\n<li>Rozsah teploty kvapaliny:od 0 \u00b0C do + 35 \u00b0C (EN 60335 -2 \u2013 41 pre dom\u00e1ce pou\u017eitie)od 0 \u00b0C do + 40 \u00b0C (pre ostatn\u00e9 pou\u017eitie)<\/li>\n<li>\u010cerpan\u00e1 kvapalina: \u010dist\u00e1, bez pevn\u00fdch a abraz\u00edvnych l\u00e1tok, neagres\u00edvna, nevisk\u00f3zna, nekry\u0161talizuj\u00faca, chemicky neutr\u00e1lna, vlastnos\u0165ami bl\u00edzka vode<\/li>\n<li>Maxim\u00e1lny pracovn\u00fd tlak: JET 6 bar (600 kPa)<\/li>\n<li>Maxim\u00e1lny prietok: 60l\/min<\/li>\n<li>Maxim\u00e1lny v\u00fdtlak: 54m<\/li>\n<li>Nap\u00e4tie: 400V<\/li>\n<li>Pripojenie sanie\/v\u00fdtlak: G1&#8243; \/ G1&#8243;<\/li>\n<\/ul>\n","protected":false},"featured_media":2255,"template":"","meta":{"spay_email":""},"product_cat":[30,65],"product_tag":[],"_links":{"self":[{"href":"https:\/\/orbit-zavlahy.sk\/obchod\/wp-json\/wp\/v2\/product\/2261"}],"collection":[{"href":"https:\/\/orbit-zavlahy.sk\/obchod\/wp-json\/wp\/v2\/product"}],"about":[{"href":"https:\/\/orbit-zavlahy.sk\/obchod\/wp-json\/wp\/v2\/types\/product"}],"wp:featuredmedia":[{"embeddable":true,"href":"https:\/\/orbit-zavlahy.sk\/obchod\/wp-json\/wp\/v2\/media\/2255"}],"wp:attachment":[{"href":"https:\/\/orbit-zavlahy.sk\/obchod\/wp-json\/wp\/v2\/media?parent=2261"}],"wp:term":[{"taxonomy":"product_cat","embeddable":true,"href":"https:\/\/orbit-zavlahy.sk\/obchod\/wp-json\/wp\/v2\/product_cat?post=2261"},{"taxonomy":"product_tag","embeddable":true,"href":"https:\/\/orbit-zavlahy.sk\/obchod\/wp-json\/wp\/v2\/product_tag?post=2261"}],"curies":[{"name":"wp","href":"https:\/\/api.w.org\/{rel}","templated":true}]}}