{"id":2252,"date":"2020-11-14T10:26:15","date_gmt":"2020-11-14T09:26:15","guid":{"rendered":"https:\/\/orbit-zavlahy.sk\/eshop\/?post_type=product&#038;p=2252"},"modified":"2020-11-14T10:27:10","modified_gmt":"2020-11-14T09:27:10","slug":"filter","status":"publish","type":"product","link":"https:\/\/orbit-zavlahy.sk\/obchod\/product\/filter\/","title":{"rendered":"Filter"},"content":{"rendered":"","protected":false},"excerpt":{"rendered":"<p>Kalciov\u00fd inhib\u00edtor filter chr\u00e1ni V\u00e1\u0161 hmlov\u00fd syst\u00e9m pred upchat\u00edm pevn\u00fdm odpadom, ktor\u00fd by sa mohol dosta\u0165 do syst\u00e9mu. Filtruje \u010dastice o ve\u013ekosti 5 mikr\u00f3nov. Men\u0161ie \u010dastice filter oba\u013euje polyfosf\u00e1tmi, \u010do umo\u017e\u0148uje ich prietok cez trysky bez toho,aby sa upch\u00e1vali. Pre pred\u013a\u017eenie \u017eivotnosti V\u00e1\u0161ho hmlov\u00e9ho syst\u00e9mu odpor\u00fa\u010dame meni\u0165 filter minim\u00e1lne raz za rok.<br \/>\n\u2022 Udr\u017euje hmlov\u00fd syst\u00e9m funk\u010dn\u00fd.<br \/>\n\u2022 Predl\u017euje \u017eivotnos\u0165 trysiek zabr\u00e1nen\u00edm odpadu v prieniku do syst\u00e9mu.<br \/>\n\u2022 Spolu s auto-v\u00fdpustn\u00fdmi ventilmi pom\u00e1ha obmedzi\u0165 upch\u00e1vaniu syst\u00e9mu.<br \/>\n\u2022 Odpor\u00fa\u010dame pou\u017e\u00edva\u0165 v ka\u017edom vonkaj\u0161om hmlovom syst\u00e9me.<br \/>\n\u2022 Len pre vonkaj\u0161ie pou\u017eitie.<\/p>\n","protected":false},"featured_media":2253,"template":"","meta":{"spay_email":""},"product_cat":[29,64],"product_tag":[],"_links":{"self":[{"href":"https:\/\/orbit-zavlahy.sk\/obchod\/wp-json\/wp\/v2\/product\/2252"}],"collection":[{"href":"https:\/\/orbit-zavlahy.sk\/obchod\/wp-json\/wp\/v2\/product"}],"about":[{"href":"https:\/\/orbit-zavlahy.sk\/obchod\/wp-json\/wp\/v2\/types\/product"}],"wp:featuredmedia":[{"embeddable":true,"href":"https:\/\/orbit-zavlahy.sk\/obchod\/wp-json\/wp\/v2\/media\/2253"}],"wp:attachment":[{"href":"https:\/\/orbit-zavlahy.sk\/obchod\/wp-json\/wp\/v2\/media?parent=2252"}],"wp:term":[{"taxonomy":"product_cat","embeddable":true,"href":"https:\/\/orbit-zavlahy.sk\/obchod\/wp-json\/wp\/v2\/product_cat?post=2252"},{"taxonomy":"product_tag","embeddable":true,"href":"https:\/\/orbit-zavlahy.sk\/obchod\/wp-json\/wp\/v2\/product_tag?post=2252"}],"curies":[{"name":"wp","href":"https:\/\/api.w.org\/{rel}","templated":true}]}}