{"id":2249,"date":"2020-11-14T10:24:30","date_gmt":"2020-11-14T09:24:30","guid":{"rendered":"https:\/\/orbit-zavlahy.sk\/eshop\/?post_type=product&#038;p=2249"},"modified":"2020-11-14T10:26:06","modified_gmt":"2020-11-14T09:26:06","slug":"cistic","status":"publish","type":"product","link":"https:\/\/orbit-zavlahy.sk\/obchod\/product\/cistic\/","title":{"rendered":"\u010cisti\u010d"},"content":{"rendered":"","protected":false},"excerpt":{"rendered":"<p>\u010cisti\u010d hmlov\u00fdch trysiek je \u0161peci\u00e1lna zmes pre \u0161etrn\u00e9 vy\u010distenie hmlov\u00fdch trysiek od miner\u00e1lnych usaden\u00edn. Pou\u017eitie je jednoduch\u00e9, je biologicky odb\u00farate\u013en\u00fd, mo\u017eno ho pou\u017ei\u0165 na mosadz, nerezov\u00fa oce\u013e aj plast.<br \/>\n\u2022 \u0160etrne odstra\u0148uje miner\u00e1lne usadeniny.<br \/>\n\u2022 Pravideln\u00e9 pou\u017e\u00edvanie pri \u00fadr\u017ebe trysiek predl\u017euje ich \u017eivotnos\u0165.<br \/>\n\u2022 Bezpe\u010dn\u00fd, biologicky odb\u00farate\u013en\u00fd a netoxick\u00fd.<br \/>\n\u2022 4 roky z\u00e1ruka.<br \/>\n\u2022 Len pre vonkaj\u0161ie pou\u017eitie.<\/p>\n","protected":false},"featured_media":2251,"template":"","meta":{"spay_email":""},"product_cat":[29,64],"product_tag":[],"_links":{"self":[{"href":"https:\/\/orbit-zavlahy.sk\/obchod\/wp-json\/wp\/v2\/product\/2249"}],"collection":[{"href":"https:\/\/orbit-zavlahy.sk\/obchod\/wp-json\/wp\/v2\/product"}],"about":[{"href":"https:\/\/orbit-zavlahy.sk\/obchod\/wp-json\/wp\/v2\/types\/product"}],"wp:featuredmedia":[{"embeddable":true,"href":"https:\/\/orbit-zavlahy.sk\/obchod\/wp-json\/wp\/v2\/media\/2251"}],"wp:attachment":[{"href":"https:\/\/orbit-zavlahy.sk\/obchod\/wp-json\/wp\/v2\/media?parent=2249"}],"wp:term":[{"taxonomy":"product_cat","embeddable":true,"href":"https:\/\/orbit-zavlahy.sk\/obchod\/wp-json\/wp\/v2\/product_cat?post=2249"},{"taxonomy":"product_tag","embeddable":true,"href":"https:\/\/orbit-zavlahy.sk\/obchod\/wp-json\/wp\/v2\/product_tag?post=2249"}],"curies":[{"name":"wp","href":"https:\/\/api.w.org\/{rel}","templated":true}]}}