{"id":2245,"date":"2020-11-14T10:19:07","date_gmt":"2020-11-14T09:19:07","guid":{"rendered":"https:\/\/orbit-zavlahy.sk\/eshop\/?post_type=product&#038;p=2245"},"modified":"2020-11-14T10:20:09","modified_gmt":"2020-11-14T09:20:09","slug":"standardna-tryska","status":"publish","type":"product","link":"https:\/\/orbit-zavlahy.sk\/obchod\/product\/standardna-tryska\/","title":{"rendered":"\u0160tandardn\u00e1 tryska"},"content":{"rendered":"","protected":false},"excerpt":{"rendered":"<p>Mosadzn\u00e1 a nerezov\u00e1 hmlov\u00e1 tryska je v s\u00fa\u010dasnosti najefekt\u00edvnej\u0161ia a naj\u00faspornej\u0161ia dostupn\u00e1 tryska na trhu. Jedna tryska spotrebuje iba 1,9 l vody za hodinu. Telo trysky je mosadzn\u00e9, \u00fastie d\u00fdzy z nerezovej ocele. \u00dadr\u017eba trysky je jednoduch\u00e1: sta\u010d\u00ed pravidelne preplachova\u0165 \u010disti\u010dom hmlov\u00fdch trysiek pre odstr\u00e1nenie pr\u00edpadn\u00fdch usaden\u00edn, ktor\u00e9 vznikaj\u00fa pou\u017e\u00edvan\u00edm.<br \/>\n\u2022 Minim\u00e1lna spotreba vody \u2013 iba 1,9 l\/hod.<br \/>\n\u2022 Kompatibiln\u00e1 s ktor\u00fdmko\u013evek 10\/24 z\u00e1vitov\u00fdm otvorom hmlov\u00e9ho syst\u00e9mu.<br \/>\n\u2022 Vysoko kvalitn\u00e1 mosadzn\u00e1 kon\u0161trukcia.<br \/>\n\u2022 4 roky z\u00e1ruka.<br \/>\n\u2022 Pre vonkaj\u0161ie pou\u017eitie iba so studenou vodou.<\/p>\n","protected":false},"featured_media":2246,"template":"","meta":{"spay_email":""},"product_cat":[29,63],"product_tag":[],"_links":{"self":[{"href":"https:\/\/orbit-zavlahy.sk\/obchod\/wp-json\/wp\/v2\/product\/2245"}],"collection":[{"href":"https:\/\/orbit-zavlahy.sk\/obchod\/wp-json\/wp\/v2\/product"}],"about":[{"href":"https:\/\/orbit-zavlahy.sk\/obchod\/wp-json\/wp\/v2\/types\/product"}],"wp:featuredmedia":[{"embeddable":true,"href":"https:\/\/orbit-zavlahy.sk\/obchod\/wp-json\/wp\/v2\/media\/2246"}],"wp:attachment":[{"href":"https:\/\/orbit-zavlahy.sk\/obchod\/wp-json\/wp\/v2\/media?parent=2245"}],"wp:term":[{"taxonomy":"product_cat","embeddable":true,"href":"https:\/\/orbit-zavlahy.sk\/obchod\/wp-json\/wp\/v2\/product_cat?post=2245"},{"taxonomy":"product_tag","embeddable":true,"href":"https:\/\/orbit-zavlahy.sk\/obchod\/wp-json\/wp\/v2\/product_tag?post=2245"}],"curies":[{"name":"wp","href":"https:\/\/api.w.org\/{rel}","templated":true}]}}