{"id":2241,"date":"2020-11-14T10:16:18","date_gmt":"2020-11-14T09:16:18","guid":{"rendered":"https:\/\/orbit-zavlahy.sk\/eshop\/?post_type=product&#038;p=2241"},"modified":"2024-07-16T20:09:24","modified_gmt":"2024-07-16T18:09:24","slug":"61-m-flexibilne-potrubie","status":"publish","type":"product","link":"https:\/\/orbit-zavlahy.sk\/obchod\/product\/61-m-flexibilne-potrubie\/","title":{"rendered":"6,1 m flexibiln\u00e9 potrubie"},"content":{"rendered":"","protected":false},"excerpt":{"rendered":"<p>6,1 m 3\/8\u2033 flexibiln\u00e9 vysokotlakov\u00e9 polyetyl\u00e9nov\u00e9 potrubie bronzovej farby je ide\u00e1lne pre pr\u00edvod vody, m\u00f4\u017ee by\u0165 narezan\u00e9 pod\u013ea potreby pre prisp\u00f4soben\u00e9 hmlov\u00e9 syst\u00e9my. V kombin\u00e1cii so syst\u00e9mom Professional &#8211; Slip-Lok spojkami s hmlovou tryskou m\u00e1te behom chv\u00edle v\u010faka jednoduch\u00e9mu spojovaciemu syst\u00e9mu &#8220;nasu\u0148 a oto\u010d&#8221; vytvoren\u00fd hmlov\u00fd syst\u00e9m a\u017e do d\u013a\u017eky 38m. Potrubie je odoln\u00e9 UV<br \/>\n\u017eiareniu a m\u00f4\u017ee by\u0165 pou\u017eit\u00e9 v syst\u00e9moch s tlakom vody do 11,4 baru.<br \/>\n\u2022 Pou\u017e\u00edvajte k oprave, v\u00fdmene alebo \u00faprave ak\u00fdko\u013evek hmlov\u00fdch syst\u00e9mov<br \/>\n\u2022 s 3\/8&#8243; potrub\u00edm.<br \/>\n\u2022 Pou\u017e\u00edvajte mosadzn\u00e9 Slip-Lok spojky.<br \/>\n\u2022 O\u0161etren\u00e9 UV inhib\u00edtormi.<br \/>\n\u2022 Farebne zladen\u00e9 s pr\u00edslu\u0161enstvom a sadami 3\/8&#8243; flexi-potrubia.<br \/>\n\u2022 4 roky z\u00e1ruka.<br \/>\n\u2022 Pre vonkaj\u0161ie pou\u017eitie len so studenou vodou.<\/p>\n","protected":false},"featured_media":2242,"template":"","meta":{"spay_email":""},"product_cat":[29,63],"product_tag":[],"_links":{"self":[{"href":"https:\/\/orbit-zavlahy.sk\/obchod\/wp-json\/wp\/v2\/product\/2241"}],"collection":[{"href":"https:\/\/orbit-zavlahy.sk\/obchod\/wp-json\/wp\/v2\/product"}],"about":[{"href":"https:\/\/orbit-zavlahy.sk\/obchod\/wp-json\/wp\/v2\/types\/product"}],"wp:featuredmedia":[{"embeddable":true,"href":"https:\/\/orbit-zavlahy.sk\/obchod\/wp-json\/wp\/v2\/media\/2242"}],"wp:attachment":[{"href":"https:\/\/orbit-zavlahy.sk\/obchod\/wp-json\/wp\/v2\/media?parent=2241"}],"wp:term":[{"taxonomy":"product_cat","embeddable":true,"href":"https:\/\/orbit-zavlahy.sk\/obchod\/wp-json\/wp\/v2\/product_cat?post=2241"},{"taxonomy":"product_tag","embeddable":true,"href":"https:\/\/orbit-zavlahy.sk\/obchod\/wp-json\/wp\/v2\/product_tag?post=2241"}],"curies":[{"name":"wp","href":"https:\/\/api.w.org\/{rel}","templated":true}]}}