{"id":2239,"date":"2020-11-14T10:10:16","date_gmt":"2020-11-14T09:10:16","guid":{"rendered":"https:\/\/orbit-zavlahy.sk\/eshop\/?post_type=product&#038;p=2239"},"modified":"2020-11-14T10:15:40","modified_gmt":"2020-11-14T09:15:40","slug":"61-cm-flexibilne-potrubie","status":"publish","type":"product","link":"https:\/\/orbit-zavlahy.sk\/obchod\/product\/61-cm-flexibilne-potrubie\/","title":{"rendered":"61 cm flexibiln\u00e9 potrubie"},"content":{"rendered":"","protected":false},"excerpt":{"rendered":"<p>61 cm 3\/8\u2033 nylonov\u00e9 potrubie bronzovej farby je ide\u00e1lne pre pr\u00edvod vody, m\u00f4\u017ee by\u0165 narezan\u00e9 pod\u013ea potreby pre prisp\u00f4soben\u00e9 hmlov\u00e9 syst\u00e9my. V kombin\u00e1cii so syst\u00e9mom Professional &#8211; Slip-Lok spojkami s hmlovou tryskou m\u00e1te behom chv\u00edle v\u010faka jednoduch\u00e9mu spojovaciemu syst\u00e9mu &#8220;nasu\u0148 a oto\u010d&#8221; vytvoren\u00fd hmlov\u00fd syst\u00e9m a\u017e do d\u013a\u017eky 38 m. Potrubie je odoln\u00e9 UV \u017eiareniu a m\u00f4\u017ee by\u0165 pou\u017eit\u00e9 v syst\u00e9moch s tlakom vody do 11,4 baru.<br \/>\n\u2022 Odoln\u00e9 vo\u010di UV \u017eiareniu.<br \/>\n\u2022 Pou\u017e\u00edvajte k oprave, v\u00fdmene alebo \u00faprave ak\u00fdchko\u013evek hmlov\u00fdch syst\u00e9mov s 3\/8&#8243;<br \/>\n\u2022 potrub\u00edm.<br \/>\n\u2022 Pou\u017e\u00edvajte mosadzn\u00e9 Slip-Lok spojky.<br \/>\n\u2022 Farebne zladen\u00e9 s pr\u00edslu\u0161enstvom a sadami 3\/8&#8243;&#8221; flexi-potrubia.&#8221;<\/p>\n","protected":false},"featured_media":2240,"template":"","meta":{"spay_email":""},"product_cat":[29,63],"product_tag":[],"_links":{"self":[{"href":"https:\/\/orbit-zavlahy.sk\/obchod\/wp-json\/wp\/v2\/product\/2239"}],"collection":[{"href":"https:\/\/orbit-zavlahy.sk\/obchod\/wp-json\/wp\/v2\/product"}],"about":[{"href":"https:\/\/orbit-zavlahy.sk\/obchod\/wp-json\/wp\/v2\/types\/product"}],"wp:featuredmedia":[{"embeddable":true,"href":"https:\/\/orbit-zavlahy.sk\/obchod\/wp-json\/wp\/v2\/media\/2240"}],"wp:attachment":[{"href":"https:\/\/orbit-zavlahy.sk\/obchod\/wp-json\/wp\/v2\/media?parent=2239"}],"wp:term":[{"taxonomy":"product_cat","embeddable":true,"href":"https:\/\/orbit-zavlahy.sk\/obchod\/wp-json\/wp\/v2\/product_cat?post=2239"},{"taxonomy":"product_tag","embeddable":true,"href":"https:\/\/orbit-zavlahy.sk\/obchod\/wp-json\/wp\/v2\/product_tag?post=2239"}],"curies":[{"name":"wp","href":"https:\/\/api.w.org\/{rel}","templated":true}]}}