{"id":2237,"date":"2020-11-14T10:09:10","date_gmt":"2020-11-14T09:09:10","guid":{"rendered":"https:\/\/orbit-zavlahy.sk\/eshop\/?post_type=product&#038;p=2237"},"modified":"2024-07-16T20:09:22","modified_gmt":"2024-07-16T18:09:22","slug":"zavesne-svorky-na-potrubie-do-dreva","status":"publish","type":"product","link":"https:\/\/orbit-zavlahy.sk\/obchod\/product\/zavesne-svorky-na-potrubie-do-dreva\/","title":{"rendered":"Z\u00e1vesn\u00e9 svorky na potrubie do dreva"},"content":{"rendered":"","protected":false},"excerpt":{"rendered":"<p>Tieto robustn\u00e9 1\/2\u2033 PVC z\u00e1vesn\u00e9 svorky s\u00fa ur\u010den\u00e9 pre uchytenie vonkaj\u0161ieho PVC hmlov\u00e9ho syst\u00e9mu Performance. Ka\u017ed\u00e1 svorka je farebne zladen\u00e1 s bielym PVC potrub\u00edm a je dod\u00e1van\u00e1 s vlo\u017een\u00fdm klincom. Jednoducho ich prichyt\u00edte na PVC potrubie a m\u00f4\u017eete pribi\u0165.<br \/>\n\u2022 Poskytuje \u013eahk\u00fa mont\u00e1\u017e ak\u00e9hoko\u013evek vonkaj\u0161ieho 1\/2\u2033 PVC hmlov\u00e9ho syst\u00e9mu.<br \/>\n\u2022 Odoln\u00e1 kon\u0161trukcia z PVC.<br \/>\n\u2022 Farba zodpoved\u00e1 vonkaj\u0161iemu 1\/2\u2033 PVC hmlov\u00e9mu syst\u00e9mu Performance.<br \/>\n\u2022 Jednoduch\u00e1 in\u0161tal\u00e1cia.<br \/>\n\u2022 4 roky z\u00e1ruka.<br \/>\n\u2022 Pre vonkaj\u0161ie pou\u017eitie len so studenou vodou.<\/p>\n","protected":false},"featured_media":2238,"template":"","meta":{"spay_email":""},"product_cat":[29,63],"product_tag":[],"_links":{"self":[{"href":"https:\/\/orbit-zavlahy.sk\/obchod\/wp-json\/wp\/v2\/product\/2237"}],"collection":[{"href":"https:\/\/orbit-zavlahy.sk\/obchod\/wp-json\/wp\/v2\/product"}],"about":[{"href":"https:\/\/orbit-zavlahy.sk\/obchod\/wp-json\/wp\/v2\/types\/product"}],"wp:featuredmedia":[{"embeddable":true,"href":"https:\/\/orbit-zavlahy.sk\/obchod\/wp-json\/wp\/v2\/media\/2238"}],"wp:attachment":[{"href":"https:\/\/orbit-zavlahy.sk\/obchod\/wp-json\/wp\/v2\/media?parent=2237"}],"wp:term":[{"taxonomy":"product_cat","embeddable":true,"href":"https:\/\/orbit-zavlahy.sk\/obchod\/wp-json\/wp\/v2\/product_cat?post=2237"},{"taxonomy":"product_tag","embeddable":true,"href":"https:\/\/orbit-zavlahy.sk\/obchod\/wp-json\/wp\/v2\/product_tag?post=2237"}],"curies":[{"name":"wp","href":"https:\/\/api.w.org\/{rel}","templated":true}]}}