{"id":2233,"date":"2020-11-14T10:06:35","date_gmt":"2020-11-14T09:06:35","guid":{"rendered":"https:\/\/orbit-zavlahy.sk\/eshop\/?post_type=product&#038;p=2233"},"modified":"2020-11-14T10:07:36","modified_gmt":"2020-11-14T09:07:36","slug":"mosadzne-zatky-tryskovych-otvorov","status":"publish","type":"product","link":"https:\/\/orbit-zavlahy.sk\/obchod\/product\/mosadzne-zatky-tryskovych-otvorov\/","title":{"rendered":"Mosadzn\u00e9 z\u00e1tky tryskov\u00fdch otvorov"},"content":{"rendered":"","protected":false},"excerpt":{"rendered":"<p>Mosadzn\u00e1 z\u00e1tka sa pou\u017e\u00edva v celom hmlovom syst\u00e9me pre nahradenie hmlov\u00fdch trysiek mimo sez\u00f3ny, kedy sa hmlov\u00fd syst\u00e9m nepou\u017e\u00edva a trysky s\u00fa odlo\u017een\u00e9. Z\u00e1tky zabra\u0148uj\u00fa drobn\u00e9mu odpadu a hmyzu v preniknut\u00ed do hmlov\u00e9ho syst\u00e9mu a t\u00fdm jeho upchatiu. Taktie\u017e s\u00fa u\u017eito\u010dn\u00e9 v pr\u00edpade, \u017ee nepotrebujete zapojen\u00e9 v\u0161etky trysky.<br \/>\n\u2022 Pou\u017eite\u013en\u00e9 s vonkaj\u0161\u00edmi hmlov\u00fdmi syst\u00e9mami.<br \/>\n\u2022 Pom\u00e1haj\u00fa udr\u017ea\u0165 hmlov\u00fd syst\u00e9m \u010dist\u00fd mimo sez\u00f3ny t\u00fdm, \u017ee zabr\u00e1nia preniknutiu<br \/>\n\u2022 hmyzu a odpadu do syst\u00e9mu.<br \/>\n\u2022 Vysoko kvalitn\u00e1 mosadzn\u00e1 kon\u0161trukcia.<br \/>\n\u2022 4 roky z\u00e1ruka.<br \/>\n\u2022 Pre vonkaj\u0161ie pou\u017eitie iba so studenou vodou.<\/p>\n","protected":false},"featured_media":2234,"template":"","meta":{"spay_email":""},"product_cat":[29,62],"product_tag":[],"_links":{"self":[{"href":"https:\/\/orbit-zavlahy.sk\/obchod\/wp-json\/wp\/v2\/product\/2233"}],"collection":[{"href":"https:\/\/orbit-zavlahy.sk\/obchod\/wp-json\/wp\/v2\/product"}],"about":[{"href":"https:\/\/orbit-zavlahy.sk\/obchod\/wp-json\/wp\/v2\/types\/product"}],"wp:featuredmedia":[{"embeddable":true,"href":"https:\/\/orbit-zavlahy.sk\/obchod\/wp-json\/wp\/v2\/media\/2234"}],"wp:attachment":[{"href":"https:\/\/orbit-zavlahy.sk\/obchod\/wp-json\/wp\/v2\/media?parent=2233"}],"wp:term":[{"taxonomy":"product_cat","embeddable":true,"href":"https:\/\/orbit-zavlahy.sk\/obchod\/wp-json\/wp\/v2\/product_cat?post=2233"},{"taxonomy":"product_tag","embeddable":true,"href":"https:\/\/orbit-zavlahy.sk\/obchod\/wp-json\/wp\/v2\/product_tag?post=2233"}],"curies":[{"name":"wp","href":"https:\/\/api.w.org\/{rel}","templated":true}]}}