{"id":2231,"date":"2020-11-14T10:05:23","date_gmt":"2020-11-14T09:05:23","guid":{"rendered":"https:\/\/orbit-zavlahy.sk\/eshop\/?post_type=product&#038;p=2231"},"modified":"2020-11-14T10:06:24","modified_gmt":"2020-11-14T09:06:24","slug":"vysokotlakova-koncova-push-zatka-s-tryskou","status":"publish","type":"product","link":"https:\/\/orbit-zavlahy.sk\/obchod\/product\/vysokotlakova-koncova-push-zatka-s-tryskou\/","title":{"rendered":"Vysokotlakov\u00e1 koncov\u00e1 Push z\u00e1tka s tryskou"},"content":{"rendered":"","protected":false},"excerpt":{"rendered":"<p>Push spojky s\u00fa navrhnut\u00e9 \u0161peci\u00e1lne pre vysoko v\u00fdkonn\u00e9 hmlov\u00e9 syst\u00e9my. Boli navrhnut\u00e9 tak, aby vydr\u017eali extr\u00e9mne podmienky z kor\u00f3zii odolnej poniklovanej mosadze a vn\u00fatorn\u00fdm up\u00edna\u010dom potrubia z nerezovej ocele. Koncov\u00e1 Push z\u00e1tka r\u00fdchlo a \u013eahko ukon\u010duje hmlov\u00e9 vedenie s tryskou pre vytv\u00e1ranie hmly v celom Va\u0161om vonkaj\u0161om priestore. Je extra r\u00fdchlo a spo\u013eahlivo pou\u017eite\u013en\u00e1 na v\u0161etkyhmlov\u00e9 aplik\u00e1cie.<br \/>\n\u2022 Vysokotlakov\u00e1 spojka \u0161peci\u00e1lne navrhnut\u00e1 pre vysokotlakov\u00e9 hmlov\u00e9 aplik\u00e1cie.<br \/>\n\u2022 R\u00fdchle, spo\u013eahliv\u00e9 a \u013eahk\u00e9 pou\u017eitie pre v\u0161etky hmlov\u00e9 aplik\u00e1cie.<br \/>\n\u2022 4 roky z\u00e1ruka.<br \/>\n\u2022 Pre vonkaj\u0161ie pou\u017eitie iba so studenou vodou.<\/p>\n","protected":false},"featured_media":2232,"template":"","meta":{"spay_email":""},"product_cat":[29,62],"product_tag":[],"_links":{"self":[{"href":"https:\/\/orbit-zavlahy.sk\/obchod\/wp-json\/wp\/v2\/product\/2231"}],"collection":[{"href":"https:\/\/orbit-zavlahy.sk\/obchod\/wp-json\/wp\/v2\/product"}],"about":[{"href":"https:\/\/orbit-zavlahy.sk\/obchod\/wp-json\/wp\/v2\/types\/product"}],"wp:featuredmedia":[{"embeddable":true,"href":"https:\/\/orbit-zavlahy.sk\/obchod\/wp-json\/wp\/v2\/media\/2232"}],"wp:attachment":[{"href":"https:\/\/orbit-zavlahy.sk\/obchod\/wp-json\/wp\/v2\/media?parent=2231"}],"wp:term":[{"taxonomy":"product_cat","embeddable":true,"href":"https:\/\/orbit-zavlahy.sk\/obchod\/wp-json\/wp\/v2\/product_cat?post=2231"},{"taxonomy":"product_tag","embeddable":true,"href":"https:\/\/orbit-zavlahy.sk\/obchod\/wp-json\/wp\/v2\/product_tag?post=2231"}],"curies":[{"name":"wp","href":"https:\/\/api.w.org\/{rel}","templated":true}]}}