{"id":2229,"date":"2020-11-14T10:03:26","date_gmt":"2020-11-14T09:03:26","guid":{"rendered":"https:\/\/orbit-zavlahy.sk\/eshop\/?post_type=product&#038;p=2229"},"modified":"2020-11-14T10:05:14","modified_gmt":"2020-11-14T09:05:14","slug":"vysokotlakova-push-t-spojka","status":"publish","type":"product","link":"https:\/\/orbit-zavlahy.sk\/obchod\/product\/vysokotlakova-push-t-spojka\/","title":{"rendered":"Vysokotlakov\u00e1 Push T-spojka"},"content":{"rendered":"","protected":false},"excerpt":{"rendered":"<p>Push spojky s\u00fa navrhnut\u00e9 \u0161peci\u00e1lne pre vysoko v\u00fdkonn\u00e9 hmlov\u00e9 syst\u00e9my. Boli navrhnut\u00e9 tak, aby vydr\u017eali extr\u00e9mne podmienky z kor\u00f3zii odolnej poniklovanejmosadze a vn\u00fatorn\u00fdm up\u00edna\u010dom potrubia z nerezovej ocele. Push T-spojka sa r\u00fdchlo a \u013eahko prip\u00e1ja k hmlov\u00e9mu vedeniu a je extra r\u00fdchlo a spo\u013eahlivo pou\u017eite\u013en\u00e1 na v\u0161etky hmlov\u00e9 aplik\u00e1cie.<br \/>\n\u2022 Vysokotlakov\u00e1 spojka \u0161peci\u00e1lne navrhnut\u00e1 pre vysokotlakov\u00e9 hmlov\u00e9 aplik\u00e1cie.<br \/>\n\u2022 R\u00fdchle, spo\u013eahliv\u00e9 a \u013eahk\u00e9 pou\u017eitie pre v\u0161etky hmlov\u00e9 aplik\u00e1cie.<br \/>\n\u2022 4 roky z\u00e1ruka.<br \/>\n\u2022 Pre vonkaj\u0161ie pou\u017eitie iba so studenou vodou.<\/p>\n","protected":false},"featured_media":2230,"template":"","meta":{"spay_email":""},"product_cat":[29,62],"product_tag":[],"_links":{"self":[{"href":"https:\/\/orbit-zavlahy.sk\/obchod\/wp-json\/wp\/v2\/product\/2229"}],"collection":[{"href":"https:\/\/orbit-zavlahy.sk\/obchod\/wp-json\/wp\/v2\/product"}],"about":[{"href":"https:\/\/orbit-zavlahy.sk\/obchod\/wp-json\/wp\/v2\/types\/product"}],"wp:featuredmedia":[{"embeddable":true,"href":"https:\/\/orbit-zavlahy.sk\/obchod\/wp-json\/wp\/v2\/media\/2230"}],"wp:attachment":[{"href":"https:\/\/orbit-zavlahy.sk\/obchod\/wp-json\/wp\/v2\/media?parent=2229"}],"wp:term":[{"taxonomy":"product_cat","embeddable":true,"href":"https:\/\/orbit-zavlahy.sk\/obchod\/wp-json\/wp\/v2\/product_cat?post=2229"},{"taxonomy":"product_tag","embeddable":true,"href":"https:\/\/orbit-zavlahy.sk\/obchod\/wp-json\/wp\/v2\/product_tag?post=2229"}],"curies":[{"name":"wp","href":"https:\/\/api.w.org\/{rel}","templated":true}]}}