{"id":2227,"date":"2020-11-14T10:02:25","date_gmt":"2020-11-14T09:02:25","guid":{"rendered":"https:\/\/orbit-zavlahy.sk\/eshop\/?post_type=product&#038;p=2227"},"modified":"2020-11-14T10:03:16","modified_gmt":"2020-11-14T09:03:16","slug":"vysokotlakove-push-koleno","status":"publish","type":"product","link":"https:\/\/orbit-zavlahy.sk\/obchod\/product\/vysokotlakove-push-koleno\/","title":{"rendered":"Vysokotlakov\u00e9 Push koleno"},"content":{"rendered":"","protected":false},"excerpt":{"rendered":"<p>Push koleno sa pou\u017e\u00edva pre vytvorenie 90\u00b0 ohybu v hmlovom syst\u00e9me, m\u00f4\u017ee by\u0165 pou\u017eit\u00e9 s vysokotlakov\u00fdm ako flexibiln\u00fdm nylonov\u00fdm, tak aj meden\u00fdm poniklovan\u00fdm mist kitom.<br \/>\n\u2022 A\u017e do v\u00fd\u0161ky tlaku 86 barov, teploty 71\u00b0C.<br \/>\n\u2022 R\u00fdchle, spo\u013eahliv\u00e9 a znovu pou\u017eite\u013en\u00e9 spoje.<br \/>\n\u2022 Poniklovan\u00e1 mosadz v\u00fdrazne zvy\u0161uje odolnos\u0165 vo\u010di kor\u00f3zii.<br \/>\n\u2022 M\u00f4\u017ee sa pou\u017ei\u0165 pri vysokotlakov\u00fdch ako meden\u00fdch, tak aj flexi-potrubiach.<\/p>\n","protected":false},"featured_media":2228,"template":"","meta":{"spay_email":""},"product_cat":[29,62],"product_tag":[],"_links":{"self":[{"href":"https:\/\/orbit-zavlahy.sk\/obchod\/wp-json\/wp\/v2\/product\/2227"}],"collection":[{"href":"https:\/\/orbit-zavlahy.sk\/obchod\/wp-json\/wp\/v2\/product"}],"about":[{"href":"https:\/\/orbit-zavlahy.sk\/obchod\/wp-json\/wp\/v2\/types\/product"}],"wp:featuredmedia":[{"embeddable":true,"href":"https:\/\/orbit-zavlahy.sk\/obchod\/wp-json\/wp\/v2\/media\/2228"}],"wp:attachment":[{"href":"https:\/\/orbit-zavlahy.sk\/obchod\/wp-json\/wp\/v2\/media?parent=2227"}],"wp:term":[{"taxonomy":"product_cat","embeddable":true,"href":"https:\/\/orbit-zavlahy.sk\/obchod\/wp-json\/wp\/v2\/product_cat?post=2227"},{"taxonomy":"product_tag","embeddable":true,"href":"https:\/\/orbit-zavlahy.sk\/obchod\/wp-json\/wp\/v2\/product_tag?post=2227"}],"curies":[{"name":"wp","href":"https:\/\/api.w.org\/{rel}","templated":true}]}}