{"id":2219,"date":"2020-11-14T09:57:25","date_gmt":"2020-11-14T08:57:25","guid":{"rendered":"https:\/\/orbit-zavlahy.sk\/eshop\/?post_type=product&#038;p=2219"},"modified":"2020-11-14T09:58:35","modified_gmt":"2020-11-14T08:58:35","slug":"mosadzna-slip-lok-t-spojka-s-tryskou","status":"publish","type":"product","link":"https:\/\/orbit-zavlahy.sk\/obchod\/product\/mosadzna-slip-lok-t-spojka-s-tryskou\/","title":{"rendered":"Mosadzn\u00e1 Slip-Lok T-spojka s tryskou"},"content":{"rendered":"","protected":false},"excerpt":{"rendered":"<p>Slip-Lok spojka s tryskou spolu s 3\/8\u02ba nylonov\u00fdm potrub\u00edm umo\u017e\u0148uje v\u010faka jednoduch\u00e9mu princ\u00edpu \u201enasu\u0148 a oto\u010d\u201c r\u00fdchlu in\u0161tal\u00e1ciu hmlov\u00e9ho syst\u00e9mu a\u017e do line\u00e1rnej d\u013a\u017eky 38,1 m. Zvy\u0161ovan\u00edm tlaku sa spoj upev\u0148uje,\u010do umo\u017e\u0148uje pou\u017e\u00edvanie \u010derpadla s v\u00fdkonom a\u017e 69 barov. Spojku mo\u017eno ot\u00e1\u010da\u0165 v 360\u00b0 pre nasmerovanie hmly pr\u00e1ve tam, kde ju potrebujete. Spojku a potrubie je ve\u013emi jednoduch\u00e9 odpoji\u0165 \u2013 sta\u010d\u00ed zatla\u010di\u0165 kovanie proti spojke, \u010d\u00edm sa uvo\u013en\u00ed spoj, a vytiahnu\u0165 potrubie, \u010do rob\u00ed zo Slip-Lok T-spojky najuniverz\u00e1lnej\u0161\u00ed dostupn\u00fd spojovac\u00ed materi\u00e1l hmlov\u00fdch syst\u00e9mov.<br \/>\n\u2022 Pou\u017eite\u013en\u00e9 pre roz\u0161\u00edrenie akejko\u013evek hmlovej sady s 3\/8\u02ba flexi-potrub\u00edm a\u017e do 75<br \/>\n\u2022 trysiek alebo 46 m.<br \/>\n\u2022 Jedine\u010dn\u00e9 vyhotovenie pre jednoduch\u00fa in\u0161tal\u00e1ciu, \u00fapravu, roz\u0161\u00edrenie alebo opravu<br \/>\n\u2022 hmlov\u00e9ho syst\u00e9mu.<br \/>\n\u2022 Pou\u017eite s vysokotlakov\u00fdm 3\/8\u02ba flexi-potrub\u00edm.<\/p>\n","protected":false},"featured_media":2220,"template":"","meta":{"spay_email":""},"product_cat":[29,62],"product_tag":[],"_links":{"self":[{"href":"https:\/\/orbit-zavlahy.sk\/obchod\/wp-json\/wp\/v2\/product\/2219"}],"collection":[{"href":"https:\/\/orbit-zavlahy.sk\/obchod\/wp-json\/wp\/v2\/product"}],"about":[{"href":"https:\/\/orbit-zavlahy.sk\/obchod\/wp-json\/wp\/v2\/types\/product"}],"wp:featuredmedia":[{"embeddable":true,"href":"https:\/\/orbit-zavlahy.sk\/obchod\/wp-json\/wp\/v2\/media\/2220"}],"wp:attachment":[{"href":"https:\/\/orbit-zavlahy.sk\/obchod\/wp-json\/wp\/v2\/media?parent=2219"}],"wp:term":[{"taxonomy":"product_cat","embeddable":true,"href":"https:\/\/orbit-zavlahy.sk\/obchod\/wp-json\/wp\/v2\/product_cat?post=2219"},{"taxonomy":"product_tag","embeddable":true,"href":"https:\/\/orbit-zavlahy.sk\/obchod\/wp-json\/wp\/v2\/product_tag?post=2219"}],"curies":[{"name":"wp","href":"https:\/\/api.w.org\/{rel}","templated":true}]}}