{"id":2217,"date":"2020-11-14T09:56:14","date_gmt":"2020-11-14T08:56:14","guid":{"rendered":"https:\/\/orbit-zavlahy.sk\/eshop\/?post_type=product&#038;p=2217"},"modified":"2020-11-14T09:57:16","modified_gmt":"2020-11-14T08:57:16","slug":"mosadzna-slip-lok-zatka","status":"publish","type":"product","link":"https:\/\/orbit-zavlahy.sk\/obchod\/product\/mosadzna-slip-lok-zatka\/","title":{"rendered":"Mosadzn\u00e1 Slip-Lok z\u00e1tka"},"content":{"rendered":"","protected":false},"excerpt":{"rendered":"<p>Mosadzn\u00e1 z\u00e1tka sa pou\u017e\u00edva pre jednoduch\u00e9 a efekt\u00edvne zastavenie vodn\u00e9ho toku na konci hmlov\u00e9ho syst\u00e9mu s pou\u017eit\u00edm Slip-Lok spojky. Uz\u00e1ver Slip-Lok spojky mo\u017eno odstr\u00e1ni\u0165 zatla\u010den\u00edm kovania proti spojke a n\u00e1sledn\u00fdm vytiahnut\u00edm z\u00e1tky zo spojky. Koncov\u00e1 z\u00e1tka je kompatibiln\u00e1 s ka\u017edou 3\/8\u02ba hmlovou sadou.<br \/>\n\u2022 Mo\u017eno nasun\u00fa\u0165 do ka\u017edej Slip-Lok spojky pre ukon\u010denie a natlakovanie vedenia<br \/>\n\u2022 hmlov\u00e9ho syst\u00e9mu.<br \/>\n\u2022 Kompatibiln\u00e9 s vonkaj\u0161\u00edm hmlov\u00fdm syst\u00e9mom Professional a ka\u017edou hmlovou<br \/>\n\u2022 sadou s 3\/8\u02ba flexibiln\u00fdm potrub\u00edm.<br \/>\n\u2022 Cel\u00e1 kon\u0161trukcia mosadzn\u00e1.<br \/>\n\u2022 4 roky z\u00e1ruka.<br \/>\n\u2022 Pre vonkaj\u0161ie pou\u017eitie iba so studenou vodou.<\/p>\n","protected":false},"featured_media":2218,"template":"","meta":{"spay_email":""},"product_cat":[29,62],"product_tag":[],"_links":{"self":[{"href":"https:\/\/orbit-zavlahy.sk\/obchod\/wp-json\/wp\/v2\/product\/2217"}],"collection":[{"href":"https:\/\/orbit-zavlahy.sk\/obchod\/wp-json\/wp\/v2\/product"}],"about":[{"href":"https:\/\/orbit-zavlahy.sk\/obchod\/wp-json\/wp\/v2\/types\/product"}],"wp:featuredmedia":[{"embeddable":true,"href":"https:\/\/orbit-zavlahy.sk\/obchod\/wp-json\/wp\/v2\/media\/2218"}],"wp:attachment":[{"href":"https:\/\/orbit-zavlahy.sk\/obchod\/wp-json\/wp\/v2\/media?parent=2217"}],"wp:term":[{"taxonomy":"product_cat","embeddable":true,"href":"https:\/\/orbit-zavlahy.sk\/obchod\/wp-json\/wp\/v2\/product_cat?post=2217"},{"taxonomy":"product_tag","embeddable":true,"href":"https:\/\/orbit-zavlahy.sk\/obchod\/wp-json\/wp\/v2\/product_tag?post=2217"}],"curies":[{"name":"wp","href":"https:\/\/api.w.org\/{rel}","templated":true}]}}