{"id":2215,"date":"2020-11-14T09:55:02","date_gmt":"2020-11-14T08:55:02","guid":{"rendered":"https:\/\/orbit-zavlahy.sk\/eshop\/?post_type=product&#038;p=2215"},"modified":"2020-11-14T09:56:02","modified_gmt":"2020-11-14T08:56:02","slug":"mosadzna-slip-lok-pripojka-hadice","status":"publish","type":"product","link":"https:\/\/orbit-zavlahy.sk\/obchod\/product\/mosadzna-slip-lok-pripojka-hadice\/","title":{"rendered":"Mosadzn\u00e1 Slip-Lok pr\u00edpojka hadice"},"content":{"rendered":"","protected":false},"excerpt":{"rendered":"<p>Hadicov\u00fd adapt\u00e9r sp\u00e1ja vedenie vonkaj\u0161ieho hmlov\u00e9ho syst\u00e9mu so z\u00e1hradnou hadicou ako zdrojom vody. Adapt\u00e9r a potrubie je ve\u013emi jednoduch\u00e9 odpoji\u0165 \u2013 sta\u010d\u00ed zatla\u010di\u0165 kovanie proti adapt\u00e9ru, \u010d\u00edm sa uvo\u013en\u00ed spoj, a vytiahnu\u0165 potrubie, \u010do rob\u00ed zo Slip-Lok T-spojky univerz\u00e1lny spojovac\u00ed materi\u00e1l hmlov\u00fdch syst\u00e9mov.<br \/>\n\u2022 Kompatibiln\u00e9 s vonkaj\u0161\u00edm hmlov\u00fdm syst\u00e9mom Professional a ka\u017edou hmlovou<br \/>\n\u2022 sadou s 3\/8\u02ba flexibiln\u00fdm potrub\u00edm.<br \/>\n\u2022 Jedine\u010dn\u00e9 Slip-Lok vyhotovenie umo\u017e\u0148uje jednoduch\u00e9 pripojenie k ak\u00e9muko\u013evek<br \/>\n\u2022 hadicov\u00e9mu ventilu.<br \/>\n\u2022 Cel\u00e1 kon\u0161trukcia mosadzn\u00e1.<br \/>\n\u2022 4 roky z\u00e1ruka.<br \/>\n\u2022 Pre vonkaj\u0161ie pou\u017eitie iba so studenou vodou.<\/p>\n","protected":false},"featured_media":2216,"template":"","meta":{"spay_email":""},"product_cat":[29,62],"product_tag":[],"_links":{"self":[{"href":"https:\/\/orbit-zavlahy.sk\/obchod\/wp-json\/wp\/v2\/product\/2215"}],"collection":[{"href":"https:\/\/orbit-zavlahy.sk\/obchod\/wp-json\/wp\/v2\/product"}],"about":[{"href":"https:\/\/orbit-zavlahy.sk\/obchod\/wp-json\/wp\/v2\/types\/product"}],"wp:featuredmedia":[{"embeddable":true,"href":"https:\/\/orbit-zavlahy.sk\/obchod\/wp-json\/wp\/v2\/media\/2216"}],"wp:attachment":[{"href":"https:\/\/orbit-zavlahy.sk\/obchod\/wp-json\/wp\/v2\/media?parent=2215"}],"wp:term":[{"taxonomy":"product_cat","embeddable":true,"href":"https:\/\/orbit-zavlahy.sk\/obchod\/wp-json\/wp\/v2\/product_cat?post=2215"},{"taxonomy":"product_tag","embeddable":true,"href":"https:\/\/orbit-zavlahy.sk\/obchod\/wp-json\/wp\/v2\/product_tag?post=2215"}],"curies":[{"name":"wp","href":"https:\/\/api.w.org\/{rel}","templated":true}]}}